{"id":454,"date":"2025-02-19T11:40:56","date_gmt":"2025-02-19T10:40:56","guid":{"rendered":"https:\/\/olivetravel-dmc.com\/?page_id=454"},"modified":"2025-12-05T16:30:23","modified_gmt":"2025-12-05T15:30:23","slug":"sobre-nosotros","status":"publish","type":"page","link":"https:\/\/olivetravel-dmc.com\/es\/sobre-nosotros\/","title":{"rendered":"Sobre Nosotros"},"content":{"rendered":"\t\t<div data-elementor-type=\"wp-page\" data-elementor-id=\"454\" class=\"elementor elementor-454\" data-elementor-post-type=\"page\">\n\t\t\t\t<div class=\"elementor-element elementor-element-77d61c6 e-con-full e-flex e-con e-parent\" data-id=\"77d61c6\" data-element_type=\"container\" data-e-type=\"container\" data-settings=\"{&quot;background_background&quot;:&quot;classic&quot;}\">\n\t\t<div class=\"elementor-element elementor-element-51fb39c e-flex e-con-boxed e-con e-child\" data-id=\"51fb39c\" data-element_type=\"container\" data-e-type=\"container\">\n\t\t\t\t\t<div class=\"e-con-inner\">\n\t\t\t\t<div class=\"elementor-element elementor-element-c7a6902 elementor-widget__width-initial elementor-widget-tablet__width-initial elementor-widget elementor-widget-heading\" data-id=\"c7a6902\" data-element_type=\"widget\" data-e-type=\"widget\" data-widget_type=\"heading.default\">\n\t\t\t\t<div class=\"elementor-widget-container\">\n\t\t\t\t\t<h2 class=\"elementor-heading-title elementor-size-default\">Sobre Nosotros<\/h2>\t\t\t\t<\/div>\n\t\t\t\t<\/div>\n\t\t\t\t<div class=\"elementor-element elementor-element-a1467df elementor-align-center elementor-widget elementor-widget-button\" data-id=\"a1467df\" data-element_type=\"widget\" data-e-type=\"widget\" data-widget_type=\"button.default\">\n\t\t\t\t<div class=\"elementor-widget-container\">\n\t\t\t\t\t\t\t\t\t<div class=\"elementor-button-wrapper\">\n\t\t\t\t\t<a class=\"elementor-button elementor-button-link elementor-size-sm\" href=\"https:\/\/olivetravel-dmc.com\/es\/contacto\/\">\n\t\t\t\t\t\t<span class=\"elementor-button-content-wrapper\">\n\t\t\t\t\t\t\t\t\t<span class=\"elementor-button-text\">Reserva Tu Experiencia<\/span>\n\t\t\t\t\t<\/span>\n\t\t\t\t\t<\/a>\n\t\t\t\t<\/div>\n\t\t\t\t\t\t\t\t<\/div>\n\t\t\t\t<\/div>\n\t\t\t\t\t<\/div>\n\t\t\t\t<\/div>\n\t\t\t\t<\/div>\n\t\t<div class=\"elementor-element elementor-element-21fb46c e-flex e-con-boxed e-con e-parent\" data-id=\"21fb46c\" data-element_type=\"container\" data-e-type=\"container\">\n\t\t\t\t\t<div class=\"e-con-inner\">\n\t\t<div class=\"elementor-element elementor-element-55cc4a1 e-con-full e-flex e-con e-child\" data-id=\"55cc4a1\" data-element_type=\"container\" data-e-type=\"container\">\n\t\t\t\t<div class=\"elementor-element elementor-element-c7fc50f elementor-widget elementor-widget-image\" data-id=\"c7fc50f\" data-element_type=\"widget\" data-e-type=\"widget\" data-widget_type=\"image.default\">\n\t\t\t\t<div class=\"elementor-widget-container\">\n\t\t\t\t\t\t\t\t\t\t\t\t\t\t\t<img fetchpriority=\"high\" decoding=\"async\" width=\"768\" height=\"960\" src=\"https:\/\/olivetravel-dmc.com\/wp-content\/uploads\/2025\/02\/olivetravel-contact-1-768x960.png\" class=\"attachment-medium_large size-medium_large wp-image-747\" alt=\"olivetravel flamenco\" srcset=\"https:\/\/olivetravel-dmc.com\/wp-content\/uploads\/2025\/02\/olivetravel-contact-1-768x960.png 768w, https:\/\/olivetravel-dmc.com\/wp-content\/uploads\/2025\/02\/olivetravel-contact-1-240x300.png 240w, https:\/\/olivetravel-dmc.com\/wp-content\/uploads\/2025\/02\/olivetravel-contact-1-819x1024.png 819w, https:\/\/olivetravel-dmc.com\/wp-content\/uploads\/2025\/02\/olivetravel-contact-1.png 1080w\" sizes=\"(max-width: 768px) 100vw, 768px\" \/>\t\t\t\t\t\t\t\t\t\t\t\t\t\t\t<\/div>\n\t\t\t\t<\/div>\n\t\t\t\t<\/div>\n\t\t<div class=\"elementor-element elementor-element-aceb585 e-con-full e-flex e-con e-child\" data-id=\"aceb585\" data-element_type=\"container\" data-e-type=\"container\">\n\t\t\t\t<div class=\"elementor-element elementor-element-b5a6627 elementor-widget__width-initial elementor-widget elementor-widget-text-editor\" data-id=\"b5a6627\" data-element_type=\"widget\" data-e-type=\"widget\" data-widget_type=\"text-editor.default\">\n\t\t\t\t<div class=\"elementor-widget-container\">\n\t\t\t\t\t\t\t\t\t<div><p>Tu Viaje Perfecto Comienza con Olive Travel<\/p><\/div>\t\t\t\t\t\t\t\t<\/div>\n\t\t\t\t<\/div>\n\t\t\t\t<div class=\"elementor-element elementor-element-b1b1b55 elementor-widget__width-initial elementor-widget elementor-widget-text-editor\" data-id=\"b1b1b55\" data-element_type=\"widget\" data-e-type=\"widget\" data-widget_type=\"text-editor.default\">\n\t\t\t\t<div class=\"elementor-widget-container\">\n\t\t\t\t\t\t\t\t\t<p>OLIVE TRAVEL es una agencia de viajes y un tour operador mayorista-minorista especializado en la organizaci\u00f3n de viajes en Espa\u00f1a, Portugal, las Islas Canarias, Baleares, Azores y Madeira, as\u00ed como en nuestros nuevos destinos: Marruecos y Andorra. Ofrecemos paquetes de viaje completos, desde traslados, alojamientos y excursiones hasta experiencias gastron\u00f3micas, actividades exclusivas y la organizaci\u00f3n de eventos y conferencias para grupos de cualquier tama\u00f1o, siempre adapt\u00e1ndonos a las necesidades individuales de cada cliente.<\/p>\t\t\t\t\t\t\t\t<\/div>\n\t\t\t\t<\/div>\n\t\t\t\t<\/div>\n\t\t\t\t\t<\/div>\n\t\t\t\t<\/div>\n\t\t<div class=\"elementor-element elementor-element-2a85931 e-flex e-con-boxed e-con e-parent\" data-id=\"2a85931\" data-element_type=\"container\" data-e-type=\"container\">\n\t\t\t\t\t<div class=\"e-con-inner\">\n\t\t<div class=\"elementor-element elementor-element-6c911d2 e-con-full e-flex e-con e-child\" data-id=\"6c911d2\" data-element_type=\"container\" data-e-type=\"container\">\n\t\t\t\t<div class=\"elementor-element elementor-element-b461604 elementor-widget__width-initial elementor-widget elementor-widget-text-editor\" data-id=\"b461604\" data-element_type=\"widget\" data-e-type=\"widget\" data-widget_type=\"text-editor.default\">\n\t\t\t\t<div class=\"elementor-widget-container\">\n\t\t\t\t\t\t\t\t\t<div><p>Especialistas en Viajes Personalizados y Seguros<\/p><\/div>\t\t\t\t\t\t\t\t<\/div>\n\t\t\t\t<\/div>\n\t\t\t\t<div class=\"elementor-element elementor-element-cdc3de7 elementor-widget__width-initial elementor-widget elementor-widget-text-editor\" data-id=\"cdc3de7\" data-element_type=\"widget\" data-e-type=\"widget\" data-widget_type=\"text-editor.default\">\n\t\t\t\t<div class=\"elementor-widget-container\">\n\t\t\t\t\t\t\t\t\t<div><p>Somos un tour operador especializado tanto en la planificaci\u00f3n de viajes personalizados como en paquetes predefinidos. Nuestro objetivo es ofrecer experiencias de viaje \u00fanicas y personalizadas, alej\u00e1ndonos de los tours tradicionales y masificados. Nuestra empresa cuenta con todos los registros oficiales, seguros de responsabilidad civil y garant\u00edas necesarias, adem\u00e1s de ser una marca registrada en Espa\u00f1a. Esto nos permite garantizar que cada viaje con OLIVE TRAVEL es seguro y fiable.<\/p><\/div>\t\t\t\t\t\t\t\t<\/div>\n\t\t\t\t<\/div>\n\t\t\t\t<\/div>\n\t\t<div class=\"elementor-element elementor-element-f9af557 e-con-full e-flex e-con e-child\" data-id=\"f9af557\" data-element_type=\"container\" data-e-type=\"container\">\n\t\t\t\t<div class=\"elementor-element elementor-element-09a8f36 elementor-widget elementor-widget-image\" data-id=\"09a8f36\" data-element_type=\"widget\" data-e-type=\"widget\" data-widget_type=\"image.default\">\n\t\t\t\t<div class=\"elementor-widget-container\">\n\t\t\t\t\t\t\t\t\t\t\t\t\t\t\t<img decoding=\"async\" width=\"1080\" height=\"1350\" src=\"https:\/\/olivetravel-dmc.com\/wp-content\/uploads\/2025\/02\/olivetravel-contact-2.png\" class=\"attachment-full size-full wp-image-748\" alt=\"olivetravel about\" srcset=\"https:\/\/olivetravel-dmc.com\/wp-content\/uploads\/2025\/02\/olivetravel-contact-2.png 1080w, https:\/\/olivetravel-dmc.com\/wp-content\/uploads\/2025\/02\/olivetravel-contact-2-240x300.png 240w, https:\/\/olivetravel-dmc.com\/wp-content\/uploads\/2025\/02\/olivetravel-contact-2-819x1024.png 819w, https:\/\/olivetravel-dmc.com\/wp-content\/uploads\/2025\/02\/olivetravel-contact-2-768x960.png 768w\" sizes=\"(max-width: 1080px) 100vw, 1080px\" \/>\t\t\t\t\t\t\t\t\t\t\t\t\t\t\t<\/div>\n\t\t\t\t<\/div>\n\t\t\t\t<\/div>\n\t\t\t\t\t<\/div>\n\t\t\t\t<\/div>\n\t\t<div class=\"elementor-element elementor-element-8ca0685 e-flex e-con-boxed e-con e-parent\" data-id=\"8ca0685\" data-element_type=\"container\" data-e-type=\"container\">\n\t\t\t\t\t<div class=\"e-con-inner\">\n\t\t<div class=\"elementor-element elementor-element-c85c472 e-con-full e-flex e-con e-child\" data-id=\"c85c472\" data-element_type=\"container\" data-e-type=\"container\">\n\t\t\t\t<div class=\"elementor-element elementor-element-a723ffc elementor-widget elementor-widget-image\" data-id=\"a723ffc\" data-element_type=\"widget\" data-e-type=\"widget\" data-widget_type=\"image.default\">\n\t\t\t\t<div class=\"elementor-widget-container\">\n\t\t\t\t\t\t\t\t\t\t\t\t\t\t\t<img decoding=\"async\" width=\"400\" height=\"500\" src=\"https:\/\/olivetravel-dmc.com\/wp-content\/uploads\/2025\/02\/sobre-nosotros-olive-travel-3.jpg\" class=\"attachment-medium_large size-medium_large wp-image-470\" alt=\"sobre-nosotros-olive-travel\" srcset=\"https:\/\/olivetravel-dmc.com\/wp-content\/uploads\/2025\/02\/sobre-nosotros-olive-travel-3.jpg 400w, https:\/\/olivetravel-dmc.com\/wp-content\/uploads\/2025\/02\/sobre-nosotros-olive-travel-3-240x300.jpg 240w\" sizes=\"(max-width: 400px) 100vw, 400px\" \/>\t\t\t\t\t\t\t\t\t\t\t\t\t\t\t<\/div>\n\t\t\t\t<\/div>\n\t\t\t\t<\/div>\n\t\t<div class=\"elementor-element elementor-element-373f80b e-con-full e-flex e-con e-child\" data-id=\"373f80b\" data-element_type=\"container\" data-e-type=\"container\">\n\t\t\t\t<div class=\"elementor-element elementor-element-23bd676 elementor-widget__width-initial elementor-widget elementor-widget-text-editor\" data-id=\"23bd676\" data-element_type=\"widget\" data-e-type=\"widget\" data-widget_type=\"text-editor.default\">\n\t\t\t\t<div class=\"elementor-widget-container\">\n\t\t\t\t\t\t\t\t\t<div><div><p>M\u00e1s de una D\u00e9cada Creando Experiencias \u00danicas<\/p><\/div><\/div>\t\t\t\t\t\t\t\t<\/div>\n\t\t\t\t<\/div>\n\t\t\t\t<div class=\"elementor-element elementor-element-88a9b93 elementor-widget__width-initial elementor-widget elementor-widget-text-editor\" data-id=\"88a9b93\" data-element_type=\"widget\" data-e-type=\"widget\" data-widget_type=\"text-editor.default\">\n\t\t\t\t<div class=\"elementor-widget-container\">\n\t\t\t\t\t\t\t\t\t<p>OLIVE TRAVEL naci\u00f3 para aquellos viajeros que desean explorar Espa\u00f1a, Portugal, Marruecos o Andorra de manera personalizada, seg\u00fan sus propios intereses, pero con la comodidad de un viaje organizado. Nuestro equipo de habla h\u00fangara proporciona informaci\u00f3n detallada en cada aspecto del viaje, asegurando una experiencia enriquecedora y sin preocupaciones.<\/p><p>Con m\u00e1s de una d\u00e9cada de experiencia en el sector y un equipo altamente profesional, garantizamos un servicio de m\u00e1xima calidad, creando experiencias de viaje \u00fanicas y memorables.<\/p>\t\t\t\t\t\t\t\t<\/div>\n\t\t\t\t<\/div>\n\t\t\t\t<div class=\"elementor-element elementor-element-65921a5 elementor-align-left elementor-widget elementor-widget-button\" data-id=\"65921a5\" data-element_type=\"widget\" data-e-type=\"widget\" data-widget_type=\"button.default\">\n\t\t\t\t<div class=\"elementor-widget-container\">\n\t\t\t\t\t\t\t\t\t<div class=\"elementor-button-wrapper\">\n\t\t\t\t\t<a class=\"elementor-button elementor-button-link elementor-size-sm\" href=\"https:\/\/olivetravel-dmc.com\/es\/#destinos\">\n\t\t\t\t\t\t<span class=\"elementor-button-content-wrapper\">\n\t\t\t\t\t\t\t\t\t<span class=\"elementor-button-text\">DESCUBRE NUESTROS DESTINOS<\/span>\n\t\t\t\t\t<\/span>\n\t\t\t\t\t<\/a>\n\t\t\t\t<\/div>\n\t\t\t\t\t\t\t\t<\/div>\n\t\t\t\t<\/div>\n\t\t\t\t<\/div>\n\t\t\t\t\t<\/div>\n\t\t\t\t<\/div>\n\t\t\t\t<\/div>\n\t\t","protected":false},"excerpt":{"rendered":"<p>Sobre Nosotros Reserva Tu Experiencia Tu Viaje Perfecto Comienza con Olive Travel OLIVE TRAVEL es una agencia de viajes y un tour operador mayorista-minorista especializado en la organizaci\u00f3n de viajes en Espa\u00f1a, Portugal, las Islas Canarias, Baleares, Azores y Madeira, as\u00ed como en nuestros nuevos destinos: Marruecos y Andorra. Ofrecemos paquetes de viaje completos, desde [&hellip;]<\/p>\n","protected":false},"author":2,"featured_media":0,"parent":0,"menu_order":0,"comment_status":"closed","ping_status":"closed","template":"elementor_header_footer","meta":{"footnotes":""},"class_list":["post-454","page","type-page","status-publish","hentry"],"yoast_head":"<!-- This site is optimized with the Yoast SEO plugin v27.4 - https:\/\/yoast.com\/product\/yoast-seo-wordpress\/ -->\n<title>Olive Travel DMC | Sobre nosotros<\/title>\n<meta name=\"description\" content=\"OLIVE TRAVEL es una agencia de viajes y un tour operador mayorista-minorista especializado en la organizaci\u00f3n de viajes en Espa\u00f1a, Portugal, las Islas Canarias, Baleares, Azores y Madeira.\" \/>\n<meta name=\"robots\" content=\"index, follow, max-snippet:-1, max-image-preview:large, max-video-preview:-1\" \/>\n<link rel=\"canonical\" href=\"https:\/\/olivetravel-dmc.com\/es\/sobre-nosotros\/\" \/>\n<meta property=\"og:locale\" content=\"es_ES\" \/>\n<meta property=\"og:type\" content=\"article\" \/>\n<meta property=\"og:title\" content=\"Olive Travel DMC | Sobre nosotros\" \/>\n<meta property=\"og:description\" content=\"OLIVE TRAVEL es una agencia de viajes y un tour operador mayorista-minorista especializado en la organizaci\u00f3n de viajes en Espa\u00f1a, Portugal, las Islas Canarias, Baleares, Azores y Madeira.\" \/>\n<meta property=\"og:url\" content=\"https:\/\/olivetravel-dmc.com\/es\/sobre-nosotros\/\" \/>\n<meta property=\"og:site_name\" content=\"Olive Travel DMC\" \/>\n<meta property=\"article:publisher\" content=\"https:\/\/www.facebook.com\/share\/15kXRvZLYs\/?mibextid=wwXIfr\" \/>\n<meta property=\"article:modified_time\" content=\"2025-12-05T15:30:23+00:00\" \/>\n<meta property=\"og:image\" content=\"https:\/\/olivetravel-dmc.com\/wp-content\/uploads\/2025\/02\/olivetravel-contact-1-819x1024.png\" \/>\n\t<meta property=\"og:image:width\" content=\"819\" \/>\n\t<meta property=\"og:image:height\" content=\"1024\" \/>\n\t<meta property=\"og:image:type\" content=\"image\/png\" \/>\n<meta name=\"twitter:card\" content=\"summary_large_image\" \/>\n<meta name=\"twitter:label1\" content=\"Tiempo de lectura\" \/>\n\t<meta name=\"twitter:data1\" content=\"2 minutos\" \/>\n<script type=\"application\/ld+json\" class=\"yoast-schema-graph\">{\"@context\":\"https:\\\/\\\/schema.org\",\"@graph\":[{\"@type\":\"WebPage\",\"@id\":\"https:\\\/\\\/olivetravel-dmc.com\\\/es\\\/sobre-nosotros\\\/\",\"url\":\"https:\\\/\\\/olivetravel-dmc.com\\\/es\\\/sobre-nosotros\\\/\",\"name\":\"Olive Travel DMC | Sobre nosotros\",\"isPartOf\":{\"@id\":\"https:\\\/\\\/olivetravel-dmc.com\\\/es\\\/#website\"},\"primaryImageOfPage\":{\"@id\":\"https:\\\/\\\/olivetravel-dmc.com\\\/es\\\/sobre-nosotros\\\/#primaryimage\"},\"image\":{\"@id\":\"https:\\\/\\\/olivetravel-dmc.com\\\/es\\\/sobre-nosotros\\\/#primaryimage\"},\"thumbnailUrl\":\"https:\\\/\\\/olivetravel-dmc.com\\\/wp-content\\\/uploads\\\/2025\\\/02\\\/olivetravel-contact-1-768x960.png\",\"datePublished\":\"2025-02-19T10:40:56+00:00\",\"dateModified\":\"2025-12-05T15:30:23+00:00\",\"description\":\"OLIVE TRAVEL es una agencia de viajes y un tour operador mayorista-minorista especializado en la organizaci\u00f3n de viajes en Espa\u00f1a, Portugal, las Islas Canarias, Baleares, Azores y Madeira.\",\"breadcrumb\":{\"@id\":\"https:\\\/\\\/olivetravel-dmc.com\\\/es\\\/sobre-nosotros\\\/#breadcrumb\"},\"inLanguage\":\"es\",\"potentialAction\":[{\"@type\":\"ReadAction\",\"target\":[\"https:\\\/\\\/olivetravel-dmc.com\\\/es\\\/sobre-nosotros\\\/\"]}]},{\"@type\":\"ImageObject\",\"inLanguage\":\"es\",\"@id\":\"https:\\\/\\\/olivetravel-dmc.com\\\/es\\\/sobre-nosotros\\\/#primaryimage\",\"url\":\"https:\\\/\\\/olivetravel-dmc.com\\\/wp-content\\\/uploads\\\/2025\\\/02\\\/olivetravel-contact-1-768x960.png\",\"contentUrl\":\"https:\\\/\\\/olivetravel-dmc.com\\\/wp-content\\\/uploads\\\/2025\\\/02\\\/olivetravel-contact-1-768x960.png\"},{\"@type\":\"BreadcrumbList\",\"@id\":\"https:\\\/\\\/olivetravel-dmc.com\\\/es\\\/sobre-nosotros\\\/#breadcrumb\",\"itemListElement\":[{\"@type\":\"ListItem\",\"position\":1,\"name\":\"Home\",\"item\":\"https:\\\/\\\/olivetravel-dmc.com\\\/es\\\/\"},{\"@type\":\"ListItem\",\"position\":2,\"name\":\"Sobre Nosotros\"}]},{\"@type\":\"WebSite\",\"@id\":\"https:\\\/\\\/olivetravel-dmc.com\\\/es\\\/#website\",\"url\":\"https:\\\/\\\/olivetravel-dmc.com\\\/es\\\/\",\"name\":\"Olive Travel DMC\",\"description\":\"\",\"publisher\":{\"@id\":\"https:\\\/\\\/olivetravel-dmc.com\\\/es\\\/#organization\"},\"potentialAction\":[{\"@type\":\"SearchAction\",\"target\":{\"@type\":\"EntryPoint\",\"urlTemplate\":\"https:\\\/\\\/olivetravel-dmc.com\\\/es\\\/?s={search_term_string}\"},\"query-input\":{\"@type\":\"PropertyValueSpecification\",\"valueRequired\":true,\"valueName\":\"search_term_string\"}}],\"inLanguage\":\"es\"},{\"@type\":\"Organization\",\"@id\":\"https:\\\/\\\/olivetravel-dmc.com\\\/es\\\/#organization\",\"name\":\"Olive Travel DMC\",\"url\":\"https:\\\/\\\/olivetravel-dmc.com\\\/es\\\/\",\"logo\":{\"@type\":\"ImageObject\",\"inLanguage\":\"es\",\"@id\":\"https:\\\/\\\/olivetravel-dmc.com\\\/es\\\/#\\\/schema\\\/logo\\\/image\\\/\",\"url\":\"https:\\\/\\\/olivetravel-dmc.com\\\/wp-content\\\/uploads\\\/2025\\\/02\\\/olive-travel-logo-200.png\",\"contentUrl\":\"https:\\\/\\\/olivetravel-dmc.com\\\/wp-content\\\/uploads\\\/2025\\\/02\\\/olive-travel-logo-200.png\",\"width\":200,\"height\":200,\"caption\":\"Olive Travel DMC\"},\"image\":{\"@id\":\"https:\\\/\\\/olivetravel-dmc.com\\\/es\\\/#\\\/schema\\\/logo\\\/image\\\/\"},\"sameAs\":[\"https:\\\/\\\/www.facebook.com\\\/share\\\/15kXRvZLYs\\\/?mibextid=wwXIfr\",\"https:\\\/\\\/www.instagram.com\\\/olive_travel_dmc?igsh=ajkxcnQxcnBuZDk5\"]}]}<\/script>\n<!-- \/ Yoast SEO plugin. -->","yoast_head_json":{"title":"Olive Travel DMC | Sobre nosotros","description":"OLIVE TRAVEL es una agencia de viajes y un tour operador mayorista-minorista especializado en la organizaci\u00f3n de viajes en Espa\u00f1a, Portugal, las Islas Canarias, Baleares, Azores y Madeira.","robots":{"index":"index","follow":"follow","max-snippet":"max-snippet:-1","max-image-preview":"max-image-preview:large","max-video-preview":"max-video-preview:-1"},"canonical":"https:\/\/olivetravel-dmc.com\/es\/sobre-nosotros\/","og_locale":"es_ES","og_type":"article","og_title":"Olive Travel DMC | Sobre nosotros","og_description":"OLIVE TRAVEL es una agencia de viajes y un tour operador mayorista-minorista especializado en la organizaci\u00f3n de viajes en Espa\u00f1a, Portugal, las Islas Canarias, Baleares, Azores y Madeira.","og_url":"https:\/\/olivetravel-dmc.com\/es\/sobre-nosotros\/","og_site_name":"Olive Travel DMC","article_publisher":"https:\/\/www.facebook.com\/share\/15kXRvZLYs\/?mibextid=wwXIfr","article_modified_time":"2025-12-05T15:30:23+00:00","og_image":[{"width":819,"height":1024,"url":"https:\/\/olivetravel-dmc.com\/wp-content\/uploads\/2025\/02\/olivetravel-contact-1-819x1024.png","type":"image\/png"}],"twitter_card":"summary_large_image","twitter_misc":{"Tiempo de lectura":"2 minutos"},"schema":{"@context":"https:\/\/schema.org","@graph":[{"@type":"WebPage","@id":"https:\/\/olivetravel-dmc.com\/es\/sobre-nosotros\/","url":"https:\/\/olivetravel-dmc.com\/es\/sobre-nosotros\/","name":"Olive Travel DMC | Sobre nosotros","isPartOf":{"@id":"https:\/\/olivetravel-dmc.com\/es\/#website"},"primaryImageOfPage":{"@id":"https:\/\/olivetravel-dmc.com\/es\/sobre-nosotros\/#primaryimage"},"image":{"@id":"https:\/\/olivetravel-dmc.com\/es\/sobre-nosotros\/#primaryimage"},"thumbnailUrl":"https:\/\/olivetravel-dmc.com\/wp-content\/uploads\/2025\/02\/olivetravel-contact-1-768x960.png","datePublished":"2025-02-19T10:40:56+00:00","dateModified":"2025-12-05T15:30:23+00:00","description":"OLIVE TRAVEL es una agencia de viajes y un tour operador mayorista-minorista especializado en la organizaci\u00f3n de viajes en Espa\u00f1a, Portugal, las Islas Canarias, Baleares, Azores y Madeira.","breadcrumb":{"@id":"https:\/\/olivetravel-dmc.com\/es\/sobre-nosotros\/#breadcrumb"},"inLanguage":"es","potentialAction":[{"@type":"ReadAction","target":["https:\/\/olivetravel-dmc.com\/es\/sobre-nosotros\/"]}]},{"@type":"ImageObject","inLanguage":"es","@id":"https:\/\/olivetravel-dmc.com\/es\/sobre-nosotros\/#primaryimage","url":"https:\/\/olivetravel-dmc.com\/wp-content\/uploads\/2025\/02\/olivetravel-contact-1-768x960.png","contentUrl":"https:\/\/olivetravel-dmc.com\/wp-content\/uploads\/2025\/02\/olivetravel-contact-1-768x960.png"},{"@type":"BreadcrumbList","@id":"https:\/\/olivetravel-dmc.com\/es\/sobre-nosotros\/#breadcrumb","itemListElement":[{"@type":"ListItem","position":1,"name":"Home","item":"https:\/\/olivetravel-dmc.com\/es\/"},{"@type":"ListItem","position":2,"name":"Sobre Nosotros"}]},{"@type":"WebSite","@id":"https:\/\/olivetravel-dmc.com\/es\/#website","url":"https:\/\/olivetravel-dmc.com\/es\/","name":"Olive Travel DMC","description":"","publisher":{"@id":"https:\/\/olivetravel-dmc.com\/es\/#organization"},"potentialAction":[{"@type":"SearchAction","target":{"@type":"EntryPoint","urlTemplate":"https:\/\/olivetravel-dmc.com\/es\/?s={search_term_string}"},"query-input":{"@type":"PropertyValueSpecification","valueRequired":true,"valueName":"search_term_string"}}],"inLanguage":"es"},{"@type":"Organization","@id":"https:\/\/olivetravel-dmc.com\/es\/#organization","name":"Olive Travel DMC","url":"https:\/\/olivetravel-dmc.com\/es\/","logo":{"@type":"ImageObject","inLanguage":"es","@id":"https:\/\/olivetravel-dmc.com\/es\/#\/schema\/logo\/image\/","url":"https:\/\/olivetravel-dmc.com\/wp-content\/uploads\/2025\/02\/olive-travel-logo-200.png","contentUrl":"https:\/\/olivetravel-dmc.com\/wp-content\/uploads\/2025\/02\/olive-travel-logo-200.png","width":200,"height":200,"caption":"Olive Travel DMC"},"image":{"@id":"https:\/\/olivetravel-dmc.com\/es\/#\/schema\/logo\/image\/"},"sameAs":["https:\/\/www.facebook.com\/share\/15kXRvZLYs\/?mibextid=wwXIfr","https:\/\/www.instagram.com\/olive_travel_dmc?igsh=ajkxcnQxcnBuZDk5"]}]}},"_links":{"self":[{"href":"https:\/\/olivetravel-dmc.com\/es\/wp-json\/wp\/v2\/pages\/454","targetHints":{"allow":["GET"]}}],"collection":[{"href":"https:\/\/olivetravel-dmc.com\/es\/wp-json\/wp\/v2\/pages"}],"about":[{"href":"https:\/\/olivetravel-dmc.com\/es\/wp-json\/wp\/v2\/types\/page"}],"author":[{"embeddable":true,"href":"https:\/\/olivetravel-dmc.com\/es\/wp-json\/wp\/v2\/users\/2"}],"replies":[{"embeddable":true,"href":"https:\/\/olivetravel-dmc.com\/es\/wp-json\/wp\/v2\/comments?post=454"}],"version-history":[{"count":112,"href":"https:\/\/olivetravel-dmc.com\/es\/wp-json\/wp\/v2\/pages\/454\/revisions"}],"predecessor-version":[{"id":2796,"href":"https:\/\/olivetravel-dmc.com\/es\/wp-json\/wp\/v2\/pages\/454\/revisions\/2796"}],"wp:attachment":[{"href":"https:\/\/olivetravel-dmc.com\/es\/wp-json\/wp\/v2\/media?parent=454"}],"curies":[{"name":"wp","href":"https:\/\/api.w.org\/{rel}","templated":true}]}}