{"id":449,"date":"2025-02-19T11:38:33","date_gmt":"2025-02-19T10:38:33","guid":{"rendered":"https:\/\/olivetravel-dmc.com\/?page_id=449"},"modified":"2025-03-13T15:27:18","modified_gmt":"2025-03-13T14:27:18","slug":"destino-madeira-y-azores","status":"publish","type":"page","link":"https:\/\/olivetravel-dmc.com\/es\/destino-madeira-y-azores\/","title":{"rendered":"Destino Madeira y Azores"},"content":{"rendered":"\t\t<div data-elementor-type=\"wp-page\" data-elementor-id=\"449\" class=\"elementor elementor-449\" data-elementor-post-type=\"page\">\n\t\t\t\t<div class=\"elementor-element elementor-element-77d61c6 e-con-full e-flex e-con e-parent\" data-id=\"77d61c6\" data-element_type=\"container\" data-e-type=\"container\" data-settings=\"{&quot;background_background&quot;:&quot;classic&quot;}\">\n\t\t<div class=\"elementor-element elementor-element-51fb39c e-flex e-con-boxed e-con e-child\" data-id=\"51fb39c\" data-element_type=\"container\" data-e-type=\"container\">\n\t\t\t\t\t<div class=\"e-con-inner\">\n\t\t\t\t<div class=\"elementor-element elementor-element-e9e66dd elementor-widget-tablet__width-initial elementor-widget elementor-widget-text-editor\" data-id=\"e9e66dd\" data-element_type=\"widget\" data-e-type=\"widget\" data-widget_type=\"text-editor.default\">\n\t\t\t\t<div class=\"elementor-widget-container\">\n\t\t\t\t\t\t\t\t\t<div><p>DESTINO<\/p><\/div>\t\t\t\t\t\t\t\t<\/div>\n\t\t\t\t<\/div>\n\t\t\t\t<div class=\"elementor-element elementor-element-c7a6902 elementor-widget__width-initial elementor-widget-tablet__width-initial elementor-widget elementor-widget-heading\" data-id=\"c7a6902\" data-element_type=\"widget\" data-e-type=\"widget\" data-widget_type=\"heading.default\">\n\t\t\t\t<div class=\"elementor-widget-container\">\n\t\t\t\t\t<h2 class=\"elementor-heading-title elementor-size-default\">Azores &amp; Madeira<\/h2>\t\t\t\t<\/div>\n\t\t\t\t<\/div>\n\t\t\t\t<div class=\"elementor-element elementor-element-a1467df elementor-align-center elementor-widget elementor-widget-button\" data-id=\"a1467df\" data-element_type=\"widget\" data-e-type=\"widget\" data-widget_type=\"button.default\">\n\t\t\t\t<div class=\"elementor-widget-container\">\n\t\t\t\t\t\t\t\t\t<div class=\"elementor-button-wrapper\">\n\t\t\t\t\t<a class=\"elementor-button elementor-button-link elementor-size-sm\" href=\"https:\/\/olivetravel-dmc.com\/es\/contacto\/\">\n\t\t\t\t\t\t<span class=\"elementor-button-content-wrapper\">\n\t\t\t\t\t\t\t\t\t<span class=\"elementor-button-text\">Reserva Tu Experiencia<\/span>\n\t\t\t\t\t<\/span>\n\t\t\t\t\t<\/a>\n\t\t\t\t<\/div>\n\t\t\t\t\t\t\t\t<\/div>\n\t\t\t\t<\/div>\n\t\t\t\t\t<\/div>\n\t\t\t\t<\/div>\n\t\t\t\t<\/div>\n\t\t<div class=\"elementor-element elementor-element-2a85931 e-flex e-con-boxed e-con e-parent\" data-id=\"2a85931\" data-element_type=\"container\" data-e-type=\"container\">\n\t\t\t\t\t<div class=\"e-con-inner\">\n\t\t<div class=\"elementor-element elementor-element-6c911d2 e-con-full e-flex e-con e-child\" data-id=\"6c911d2\" data-element_type=\"container\" data-e-type=\"container\">\n\t\t\t\t<div class=\"elementor-element elementor-element-b461604 elementor-widget__width-initial elementor-widget elementor-widget-text-editor\" data-id=\"b461604\" data-element_type=\"widget\" data-e-type=\"widget\" data-widget_type=\"text-editor.default\">\n\t\t\t\t<div class=\"elementor-widget-container\">\n\t\t\t\t\t\t\t\t\t<div><p>Azores y Madeira Dos Joyas Naturales del Atl\u00e1ntico<\/p><\/div>\t\t\t\t\t\t\t\t<\/div>\n\t\t\t\t<\/div>\n\t\t\t\t<div class=\"elementor-element elementor-element-cdc3de7 elementor-widget__width-initial elementor-widget elementor-widget-text-editor\" data-id=\"cdc3de7\" data-element_type=\"widget\" data-e-type=\"widget\" data-widget_type=\"text-editor.default\">\n\t\t\t\t<div class=\"elementor-widget-container\">\n\t\t\t\t\t\t\t\t\t<div><p>Azores y Madeira son dos destinos \u00fanicos que ofrecen paisajes sobrecogedores, una naturaleza salvaje y una tranquilidad que parece suspendida en el tiempo. Situadas en el coraz\u00f3n del Atl\u00e1ntico, estas islas portuguesas son un para\u00edso para los amantes de la naturaleza, el senderismo y las experiencias aut\u00e9nticas. Tanto Azores como Madeira son lugares donde se puede disfrutar de una mezcla de monta\u00f1as, costas impresionantes y vegetaci\u00f3n exuberante, haciendo de cada visita una experiencia inolvidable.<\/p><\/div>\t\t\t\t\t\t\t\t<\/div>\n\t\t\t\t<\/div>\n\t\t\t\t<div class=\"elementor-element elementor-element-65921a5 elementor-align-left elementor-widget elementor-widget-button\" data-id=\"65921a5\" data-element_type=\"widget\" data-e-type=\"widget\" data-widget_type=\"button.default\">\n\t\t\t\t<div class=\"elementor-widget-container\">\n\t\t\t\t\t\t\t\t\t<div class=\"elementor-button-wrapper\">\n\t\t\t\t\t<a class=\"elementor-button elementor-button-link elementor-size-sm\" href=\"https:\/\/olivetravel-dmc.com\/es\/contacto\/\">\n\t\t\t\t\t\t<span class=\"elementor-button-content-wrapper\">\n\t\t\t\t\t\t\t\t\t<span class=\"elementor-button-text\">Planifica Tu Viaje<\/span>\n\t\t\t\t\t<\/span>\n\t\t\t\t\t<\/a>\n\t\t\t\t<\/div>\n\t\t\t\t\t\t\t\t<\/div>\n\t\t\t\t<\/div>\n\t\t\t\t<\/div>\n\t\t<div class=\"elementor-element elementor-element-f9af557 e-con-full e-flex e-con e-child\" data-id=\"f9af557\" data-element_type=\"container\" data-e-type=\"container\">\n\t\t\t\t<div class=\"elementor-element elementor-element-09a8f36 elementor-widget-mobile__width-initial elementor-widget elementor-widget-image\" data-id=\"09a8f36\" data-element_type=\"widget\" data-e-type=\"widget\" data-widget_type=\"image.default\">\n\t\t\t\t<div class=\"elementor-widget-container\">\n\t\t\t\t\t\t\t\t\t\t\t\t\t\t\t<img fetchpriority=\"high\" decoding=\"async\" width=\"800\" height=\"1000\" src=\"https:\/\/olivetravel-dmc.com\/wp-content\/uploads\/2025\/02\/olivetravel-azores-4-819x1024.jpg\" class=\"attachment-large size-large wp-image-704\" alt=\"olivetravel-azores\" srcset=\"https:\/\/olivetravel-dmc.com\/wp-content\/uploads\/2025\/02\/olivetravel-azores-4-819x1024.jpg 819w, https:\/\/olivetravel-dmc.com\/wp-content\/uploads\/2025\/02\/olivetravel-azores-4-240x300.jpg 240w, https:\/\/olivetravel-dmc.com\/wp-content\/uploads\/2025\/02\/olivetravel-azores-4-768x960.jpg 768w, https:\/\/olivetravel-dmc.com\/wp-content\/uploads\/2025\/02\/olivetravel-azores-4.jpg 1080w\" sizes=\"(max-width: 800px) 100vw, 800px\" \/>\t\t\t\t\t\t\t\t\t\t\t\t\t\t\t<\/div>\n\t\t\t\t<\/div>\n\t\t\t\t<\/div>\n\t\t\t\t\t<\/div>\n\t\t\t\t<\/div>\n\t\t<div class=\"elementor-element elementor-element-d269fd7 e-flex e-con-boxed e-con e-parent\" data-id=\"d269fd7\" data-element_type=\"container\" data-e-type=\"container\">\n\t\t\t\t\t<div class=\"e-con-inner\">\n\t\t<div class=\"elementor-element elementor-element-373e74c e-con-full e-flex e-con e-child\" data-id=\"373e74c\" data-element_type=\"container\" data-e-type=\"container\">\n\t\t\t\t<div class=\"elementor-element elementor-element-136b168 elementor-widget elementor-widget-image\" data-id=\"136b168\" data-element_type=\"widget\" data-e-type=\"widget\" data-widget_type=\"image.default\">\n\t\t\t\t<div class=\"elementor-widget-container\">\n\t\t\t\t\t\t\t\t\t\t\t\t\t\t\t<img decoding=\"async\" width=\"800\" height=\"1000\" src=\"https:\/\/olivetravel-dmc.com\/wp-content\/uploads\/2025\/02\/olivetravel-azores-3-819x1024.jpg\" class=\"attachment-large size-large wp-image-708\" alt=\"olivetravel-azore\" srcset=\"https:\/\/olivetravel-dmc.com\/wp-content\/uploads\/2025\/02\/olivetravel-azores-3-819x1024.jpg 819w, https:\/\/olivetravel-dmc.com\/wp-content\/uploads\/2025\/02\/olivetravel-azores-3-240x300.jpg 240w, https:\/\/olivetravel-dmc.com\/wp-content\/uploads\/2025\/02\/olivetravel-azores-3-768x960.jpg 768w, https:\/\/olivetravel-dmc.com\/wp-content\/uploads\/2025\/02\/olivetravel-azores-3.jpg 1080w\" sizes=\"(max-width: 800px) 100vw, 800px\" \/>\t\t\t\t\t\t\t\t\t\t\t\t\t\t\t<\/div>\n\t\t\t\t<\/div>\n\t\t\t\t<div class=\"elementor-element elementor-element-1b4f6c0 elementor-widget__width-initial elementor-widget elementor-widget-text-editor\" data-id=\"1b4f6c0\" data-element_type=\"widget\" data-e-type=\"widget\" data-widget_type=\"text-editor.default\">\n\t\t\t\t<div class=\"elementor-widget-container\">\n\t\t\t\t\t\t\t\t\t<p><strong>Madeira <\/strong><\/p>\t\t\t\t\t\t\t\t<\/div>\n\t\t\t\t<\/div>\n\t\t\t\t<div class=\"elementor-element elementor-element-b00124a elementor-widget__width-initial elementor-widget elementor-widget-text-editor\" data-id=\"b00124a\" data-element_type=\"widget\" data-e-type=\"widget\" data-widget_type=\"text-editor.default\">\n\t\t\t\t<div class=\"elementor-widget-container\">\n\t\t\t\t\t\t\t\t\t<div><p>Madeira, conocida como el \u00abjard\u00edn flotante\u00bb del Atl\u00e1ntico, es famosa por su clima templado, su vegetaci\u00f3n exuberante y sus impresionantes acantilados. Funchal, la capital, es el coraz\u00f3n cultural de la isla, con jardines bot\u00e1nicos, mercados coloridos y vistas impresionantes. Madeira es ideal para quienes buscan relajarse mientras exploran su rica naturaleza, desde la famosa levada de senderismo hasta sus paisajes monta\u00f1osos y costas dram\u00e1ticas.<\/p><\/div>\t\t\t\t\t\t\t\t<\/div>\n\t\t\t\t<\/div>\n\t\t\t\t<\/div>\n\t\t<div class=\"elementor-element elementor-element-fd0c3e3 e-con-full e-flex e-con e-child\" data-id=\"fd0c3e3\" data-element_type=\"container\" data-e-type=\"container\">\n\t\t\t\t<div class=\"elementor-element elementor-element-0fa7c23 elementor-widget elementor-widget-image\" data-id=\"0fa7c23\" data-element_type=\"widget\" data-e-type=\"widget\" data-widget_type=\"image.default\">\n\t\t\t\t<div class=\"elementor-widget-container\">\n\t\t\t\t\t\t\t\t\t\t\t\t\t\t\t<img decoding=\"async\" width=\"800\" height=\"1000\" src=\"https:\/\/olivetravel-dmc.com\/wp-content\/uploads\/2025\/02\/olivetravel-azores-1-819x1024.jpg\" class=\"attachment-large size-large wp-image-706\" alt=\"olivetravel-azores\" srcset=\"https:\/\/olivetravel-dmc.com\/wp-content\/uploads\/2025\/02\/olivetravel-azores-1-819x1024.jpg 819w, https:\/\/olivetravel-dmc.com\/wp-content\/uploads\/2025\/02\/olivetravel-azores-1-240x300.jpg 240w, https:\/\/olivetravel-dmc.com\/wp-content\/uploads\/2025\/02\/olivetravel-azores-1-768x960.jpg 768w, https:\/\/olivetravel-dmc.com\/wp-content\/uploads\/2025\/02\/olivetravel-azores-1.jpg 1080w\" sizes=\"(max-width: 800px) 100vw, 800px\" \/>\t\t\t\t\t\t\t\t\t\t\t\t\t\t\t<\/div>\n\t\t\t\t<\/div>\n\t\t\t\t<div class=\"elementor-element elementor-element-e668626 elementor-widget__width-initial elementor-widget elementor-widget-text-editor\" data-id=\"e668626\" data-element_type=\"widget\" data-e-type=\"widget\" data-widget_type=\"text-editor.default\">\n\t\t\t\t<div class=\"elementor-widget-container\">\n\t\t\t\t\t\t\t\t\t<p><strong>Azores <\/strong><\/p>\t\t\t\t\t\t\t\t<\/div>\n\t\t\t\t<\/div>\n\t\t\t\t<div class=\"elementor-element elementor-element-98d77b9 elementor-widget__width-initial elementor-widget elementor-widget-text-editor\" data-id=\"98d77b9\" data-element_type=\"widget\" data-e-type=\"widget\" data-widget_type=\"text-editor.default\">\n\t\t\t\t<div class=\"elementor-widget-container\">\n\t\t\t\t\t\t\t\t\t<div><p>Las Azores son un conjunto de nueve islas volc\u00e1nicas, cada una con su propio car\u00e1cter y belleza. Conocidas por sus paisajes verdes, lagos de cr\u00e1ter y una fauna marina impresionante, son ideales para los viajeros que buscan aventuras al aire libre, desde rutas de senderismo hasta avistamientos de ballenas. Las islas, como S\u00e3o Miguel, Terceira y Pico, ofrecen una naturaleza intacta, perfecta para desconectar y explorar lugares remotos.<\/p><\/div>\t\t\t\t\t\t\t\t<\/div>\n\t\t\t\t<\/div>\n\t\t\t\t<\/div>\n\t\t\t\t\t<\/div>\n\t\t\t\t<\/div>\n\t\t<div class=\"elementor-element elementor-element-21fb46c e-flex e-con-boxed e-con e-parent\" data-id=\"21fb46c\" data-element_type=\"container\" data-e-type=\"container\">\n\t\t\t\t\t<div class=\"e-con-inner\">\n\t\t<div class=\"elementor-element elementor-element-55cc4a1 e-con-full e-flex e-con e-child\" data-id=\"55cc4a1\" data-element_type=\"container\" data-e-type=\"container\">\n\t\t\t\t<div class=\"elementor-element elementor-element-c7fc50f elementor-widget elementor-widget-image\" data-id=\"c7fc50f\" data-element_type=\"widget\" data-e-type=\"widget\" data-widget_type=\"image.default\">\n\t\t\t\t<div class=\"elementor-widget-container\">\n\t\t\t\t\t\t\t\t\t\t\t\t\t\t\t<img loading=\"lazy\" decoding=\"async\" width=\"768\" height=\"960\" src=\"https:\/\/olivetravel-dmc.com\/wp-content\/uploads\/2025\/02\/olivetravel-azores-5-768x960.jpg\" class=\"attachment-medium_large size-medium_large wp-image-705\" alt=\"olivetravel-azores\" srcset=\"https:\/\/olivetravel-dmc.com\/wp-content\/uploads\/2025\/02\/olivetravel-azores-5-768x960.jpg 768w, https:\/\/olivetravel-dmc.com\/wp-content\/uploads\/2025\/02\/olivetravel-azores-5-240x300.jpg 240w, https:\/\/olivetravel-dmc.com\/wp-content\/uploads\/2025\/02\/olivetravel-azores-5-819x1024.jpg 819w, https:\/\/olivetravel-dmc.com\/wp-content\/uploads\/2025\/02\/olivetravel-azores-5.jpg 1080w\" sizes=\"(max-width: 768px) 100vw, 768px\" \/>\t\t\t\t\t\t\t\t\t\t\t\t\t\t\t<\/div>\n\t\t\t\t<\/div>\n\t\t\t\t<\/div>\n\t\t<div class=\"elementor-element elementor-element-aceb585 e-con-full e-flex e-con e-child\" data-id=\"aceb585\" data-element_type=\"container\" data-e-type=\"container\">\n\t\t\t\t<div class=\"elementor-element elementor-element-b5a6627 elementor-widget__width-initial elementor-widget elementor-widget-text-editor\" data-id=\"b5a6627\" data-element_type=\"widget\" data-e-type=\"widget\" data-widget_type=\"text-editor.default\">\n\t\t\t\t<div class=\"elementor-widget-container\">\n\t\t\t\t\t\t\t\t\t<div><p>Explora el Atl\u00e1ntico: Azores y Madeira, Una Experiencia \u00danica<\/p><\/div>\t\t\t\t\t\t\t\t<\/div>\n\t\t\t\t<\/div>\n\t\t\t\t<div class=\"elementor-element elementor-element-b1b1b55 elementor-widget__width-initial elementor-widget elementor-widget-text-editor\" data-id=\"b1b1b55\" data-element_type=\"widget\" data-e-type=\"widget\" data-widget_type=\"text-editor.default\">\n\t\t\t\t<div class=\"elementor-widget-container\">\n\t\t\t\t\t\t\t\t\t<div><p>Tanto Azores como Madeira ofrecen un entorno natural que cautiva a cualquier viajero. Si buscas un destino tranquilo y alejado del bullicio, estas islas son el lugar perfecto para perderse en la belleza de la naturaleza y la calma. Con actividades para todos los gustos, desde senderismo y avistamiento de aves hasta explorar los encantadores pueblos locales, cada isla cuenta con su propio encanto y autenticidad. Un viaje a Azores y Madeira es una oportunidad para conectarte con la naturaleza en su estado m\u00e1s puro.<\/p><\/div>\t\t\t\t\t\t\t\t<\/div>\n\t\t\t\t<\/div>\n\t\t\t\t<div class=\"elementor-element elementor-element-eae61bd elementor-align-left elementor-widget elementor-widget-button\" data-id=\"eae61bd\" data-element_type=\"widget\" data-e-type=\"widget\" data-widget_type=\"button.default\">\n\t\t\t\t<div class=\"elementor-widget-container\">\n\t\t\t\t\t\t\t\t\t<div class=\"elementor-button-wrapper\">\n\t\t\t\t\t<a class=\"elementor-button elementor-button-link elementor-size-sm\" href=\"https:\/\/olivetravel-dmc.com\/es\/contacto\/\">\n\t\t\t\t\t\t<span class=\"elementor-button-content-wrapper\">\n\t\t\t\t\t\t\t\t\t<span class=\"elementor-button-text\">Planifica tu viaje<\/span>\n\t\t\t\t\t<\/span>\n\t\t\t\t\t<\/a>\n\t\t\t\t<\/div>\n\t\t\t\t\t\t\t\t<\/div>\n\t\t\t\t<\/div>\n\t\t\t\t<\/div>\n\t\t\t\t\t<\/div>\n\t\t\t\t<\/div>\n\t\t\t\t<\/div>\n\t\t","protected":false},"excerpt":{"rendered":"<p>DESTINO Azores &amp; Madeira Reserva Tu Experiencia Azores y Madeira Dos Joyas Naturales del Atl\u00e1ntico Azores y Madeira son dos destinos \u00fanicos que ofrecen paisajes sobrecogedores, una naturaleza salvaje y una tranquilidad que parece suspendida en el tiempo. Situadas en el coraz\u00f3n del Atl\u00e1ntico, estas islas portuguesas son un para\u00edso para los amantes de la [&hellip;]<\/p>\n","protected":false},"author":2,"featured_media":0,"parent":0,"menu_order":0,"comment_status":"closed","ping_status":"closed","template":"elementor_header_footer","meta":{"footnotes":""},"class_list":["post-449","page","type-page","status-publish","hentry"],"yoast_head":"<!-- This site is optimized with the Yoast SEO plugin v27.4 - https:\/\/yoast.com\/product\/yoast-seo-wordpress\/ -->\n<title>Olive Travel DMC | Azores y Madeira<\/title>\n<meta name=\"description\" content=\"Azores y Madeira son dos destinos \u00fanicos que ofrecen paisajes sobrecogedores, una naturaleza salvaje y una tranquilidad que parece suspendida en el tiempo.\" \/>\n<meta name=\"robots\" content=\"index, follow, max-snippet:-1, max-image-preview:large, max-video-preview:-1\" \/>\n<link rel=\"canonical\" href=\"https:\/\/olivetravel-dmc.com\/es\/destino-madeira-y-azores\/\" \/>\n<meta property=\"og:locale\" content=\"es_ES\" \/>\n<meta property=\"og:type\" content=\"article\" \/>\n<meta property=\"og:title\" content=\"Olive Travel DMC | Azores y Madeira\" \/>\n<meta property=\"og:description\" content=\"Azores y Madeira son dos destinos \u00fanicos que ofrecen paisajes sobrecogedores, una naturaleza salvaje y una tranquilidad que parece suspendida en el tiempo.\" \/>\n<meta property=\"og:url\" content=\"https:\/\/olivetravel-dmc.com\/es\/destino-madeira-y-azores\/\" \/>\n<meta property=\"og:site_name\" content=\"Olive Travel DMC\" \/>\n<meta property=\"article:publisher\" content=\"https:\/\/www.facebook.com\/share\/15kXRvZLYs\/?mibextid=wwXIfr\" \/>\n<meta property=\"article:modified_time\" content=\"2025-03-13T14:27:18+00:00\" \/>\n<meta property=\"og:image\" content=\"https:\/\/olivetravel-dmc.com\/wp-content\/uploads\/2025\/02\/olivetravel-azores-4.jpg\" \/>\n\t<meta property=\"og:image:width\" content=\"1080\" \/>\n\t<meta property=\"og:image:height\" content=\"1350\" \/>\n\t<meta property=\"og:image:type\" content=\"image\/jpeg\" \/>\n<meta name=\"twitter:card\" content=\"summary_large_image\" \/>\n<meta name=\"twitter:label1\" content=\"Tiempo de lectura\" \/>\n\t<meta name=\"twitter:data1\" content=\"3 minutos\" \/>\n<script type=\"application\/ld+json\" class=\"yoast-schema-graph\">{\"@context\":\"https:\\\/\\\/schema.org\",\"@graph\":[{\"@type\":\"WebPage\",\"@id\":\"https:\\\/\\\/olivetravel-dmc.com\\\/es\\\/destino-madeira-y-azores\\\/\",\"url\":\"https:\\\/\\\/olivetravel-dmc.com\\\/es\\\/destino-madeira-y-azores\\\/\",\"name\":\"Olive Travel DMC | Azores y Madeira\",\"isPartOf\":{\"@id\":\"https:\\\/\\\/olivetravel-dmc.com\\\/es\\\/#website\"},\"primaryImageOfPage\":{\"@id\":\"https:\\\/\\\/olivetravel-dmc.com\\\/es\\\/destino-madeira-y-azores\\\/#primaryimage\"},\"image\":{\"@id\":\"https:\\\/\\\/olivetravel-dmc.com\\\/es\\\/destino-madeira-y-azores\\\/#primaryimage\"},\"thumbnailUrl\":\"https:\\\/\\\/olivetravel-dmc.com\\\/wp-content\\\/uploads\\\/2025\\\/02\\\/olivetravel-azores-4-819x1024.jpg\",\"datePublished\":\"2025-02-19T10:38:33+00:00\",\"dateModified\":\"2025-03-13T14:27:18+00:00\",\"description\":\"Azores y Madeira son dos destinos \u00fanicos que ofrecen paisajes sobrecogedores, una naturaleza salvaje y una tranquilidad que parece suspendida en el tiempo.\",\"breadcrumb\":{\"@id\":\"https:\\\/\\\/olivetravel-dmc.com\\\/es\\\/destino-madeira-y-azores\\\/#breadcrumb\"},\"inLanguage\":\"es\",\"potentialAction\":[{\"@type\":\"ReadAction\",\"target\":[\"https:\\\/\\\/olivetravel-dmc.com\\\/es\\\/destino-madeira-y-azores\\\/\"]}]},{\"@type\":\"ImageObject\",\"inLanguage\":\"es\",\"@id\":\"https:\\\/\\\/olivetravel-dmc.com\\\/es\\\/destino-madeira-y-azores\\\/#primaryimage\",\"url\":\"https:\\\/\\\/olivetravel-dmc.com\\\/wp-content\\\/uploads\\\/2025\\\/02\\\/olivetravel-azores-4-819x1024.jpg\",\"contentUrl\":\"https:\\\/\\\/olivetravel-dmc.com\\\/wp-content\\\/uploads\\\/2025\\\/02\\\/olivetravel-azores-4-819x1024.jpg\"},{\"@type\":\"BreadcrumbList\",\"@id\":\"https:\\\/\\\/olivetravel-dmc.com\\\/es\\\/destino-madeira-y-azores\\\/#breadcrumb\",\"itemListElement\":[{\"@type\":\"ListItem\",\"position\":1,\"name\":\"Home\",\"item\":\"https:\\\/\\\/olivetravel-dmc.com\\\/es\\\/\"},{\"@type\":\"ListItem\",\"position\":2,\"name\":\"Destino Madeira y Azores\"}]},{\"@type\":\"WebSite\",\"@id\":\"https:\\\/\\\/olivetravel-dmc.com\\\/es\\\/#website\",\"url\":\"https:\\\/\\\/olivetravel-dmc.com\\\/es\\\/\",\"name\":\"Olive Travel DMC\",\"description\":\"\",\"publisher\":{\"@id\":\"https:\\\/\\\/olivetravel-dmc.com\\\/es\\\/#organization\"},\"potentialAction\":[{\"@type\":\"SearchAction\",\"target\":{\"@type\":\"EntryPoint\",\"urlTemplate\":\"https:\\\/\\\/olivetravel-dmc.com\\\/es\\\/?s={search_term_string}\"},\"query-input\":{\"@type\":\"PropertyValueSpecification\",\"valueRequired\":true,\"valueName\":\"search_term_string\"}}],\"inLanguage\":\"es\"},{\"@type\":\"Organization\",\"@id\":\"https:\\\/\\\/olivetravel-dmc.com\\\/es\\\/#organization\",\"name\":\"Olive Travel DMC\",\"url\":\"https:\\\/\\\/olivetravel-dmc.com\\\/es\\\/\",\"logo\":{\"@type\":\"ImageObject\",\"inLanguage\":\"es\",\"@id\":\"https:\\\/\\\/olivetravel-dmc.com\\\/es\\\/#\\\/schema\\\/logo\\\/image\\\/\",\"url\":\"https:\\\/\\\/olivetravel-dmc.com\\\/wp-content\\\/uploads\\\/2025\\\/02\\\/olive-travel-logo-200.png\",\"contentUrl\":\"https:\\\/\\\/olivetravel-dmc.com\\\/wp-content\\\/uploads\\\/2025\\\/02\\\/olive-travel-logo-200.png\",\"width\":200,\"height\":200,\"caption\":\"Olive Travel DMC\"},\"image\":{\"@id\":\"https:\\\/\\\/olivetravel-dmc.com\\\/es\\\/#\\\/schema\\\/logo\\\/image\\\/\"},\"sameAs\":[\"https:\\\/\\\/www.facebook.com\\\/share\\\/15kXRvZLYs\\\/?mibextid=wwXIfr\",\"https:\\\/\\\/www.instagram.com\\\/olive_travel_dmc?igsh=ajkxcnQxcnBuZDk5\"]}]}<\/script>\n<!-- \/ Yoast SEO plugin. -->","yoast_head_json":{"title":"Olive Travel DMC | Azores y Madeira","description":"Azores y Madeira son dos destinos \u00fanicos que ofrecen paisajes sobrecogedores, una naturaleza salvaje y una tranquilidad que parece suspendida en el tiempo.","robots":{"index":"index","follow":"follow","max-snippet":"max-snippet:-1","max-image-preview":"max-image-preview:large","max-video-preview":"max-video-preview:-1"},"canonical":"https:\/\/olivetravel-dmc.com\/es\/destino-madeira-y-azores\/","og_locale":"es_ES","og_type":"article","og_title":"Olive Travel DMC | Azores y Madeira","og_description":"Azores y Madeira son dos destinos \u00fanicos que ofrecen paisajes sobrecogedores, una naturaleza salvaje y una tranquilidad que parece suspendida en el tiempo.","og_url":"https:\/\/olivetravel-dmc.com\/es\/destino-madeira-y-azores\/","og_site_name":"Olive Travel DMC","article_publisher":"https:\/\/www.facebook.com\/share\/15kXRvZLYs\/?mibextid=wwXIfr","article_modified_time":"2025-03-13T14:27:18+00:00","og_image":[{"width":1080,"height":1350,"url":"https:\/\/olivetravel-dmc.com\/wp-content\/uploads\/2025\/02\/olivetravel-azores-4.jpg","type":"image\/jpeg"}],"twitter_card":"summary_large_image","twitter_misc":{"Tiempo de lectura":"3 minutos"},"schema":{"@context":"https:\/\/schema.org","@graph":[{"@type":"WebPage","@id":"https:\/\/olivetravel-dmc.com\/es\/destino-madeira-y-azores\/","url":"https:\/\/olivetravel-dmc.com\/es\/destino-madeira-y-azores\/","name":"Olive Travel DMC | Azores y Madeira","isPartOf":{"@id":"https:\/\/olivetravel-dmc.com\/es\/#website"},"primaryImageOfPage":{"@id":"https:\/\/olivetravel-dmc.com\/es\/destino-madeira-y-azores\/#primaryimage"},"image":{"@id":"https:\/\/olivetravel-dmc.com\/es\/destino-madeira-y-azores\/#primaryimage"},"thumbnailUrl":"https:\/\/olivetravel-dmc.com\/wp-content\/uploads\/2025\/02\/olivetravel-azores-4-819x1024.jpg","datePublished":"2025-02-19T10:38:33+00:00","dateModified":"2025-03-13T14:27:18+00:00","description":"Azores y Madeira son dos destinos \u00fanicos que ofrecen paisajes sobrecogedores, una naturaleza salvaje y una tranquilidad que parece suspendida en el tiempo.","breadcrumb":{"@id":"https:\/\/olivetravel-dmc.com\/es\/destino-madeira-y-azores\/#breadcrumb"},"inLanguage":"es","potentialAction":[{"@type":"ReadAction","target":["https:\/\/olivetravel-dmc.com\/es\/destino-madeira-y-azores\/"]}]},{"@type":"ImageObject","inLanguage":"es","@id":"https:\/\/olivetravel-dmc.com\/es\/destino-madeira-y-azores\/#primaryimage","url":"https:\/\/olivetravel-dmc.com\/wp-content\/uploads\/2025\/02\/olivetravel-azores-4-819x1024.jpg","contentUrl":"https:\/\/olivetravel-dmc.com\/wp-content\/uploads\/2025\/02\/olivetravel-azores-4-819x1024.jpg"},{"@type":"BreadcrumbList","@id":"https:\/\/olivetravel-dmc.com\/es\/destino-madeira-y-azores\/#breadcrumb","itemListElement":[{"@type":"ListItem","position":1,"name":"Home","item":"https:\/\/olivetravel-dmc.com\/es\/"},{"@type":"ListItem","position":2,"name":"Destino Madeira y Azores"}]},{"@type":"WebSite","@id":"https:\/\/olivetravel-dmc.com\/es\/#website","url":"https:\/\/olivetravel-dmc.com\/es\/","name":"Olive Travel DMC","description":"","publisher":{"@id":"https:\/\/olivetravel-dmc.com\/es\/#organization"},"potentialAction":[{"@type":"SearchAction","target":{"@type":"EntryPoint","urlTemplate":"https:\/\/olivetravel-dmc.com\/es\/?s={search_term_string}"},"query-input":{"@type":"PropertyValueSpecification","valueRequired":true,"valueName":"search_term_string"}}],"inLanguage":"es"},{"@type":"Organization","@id":"https:\/\/olivetravel-dmc.com\/es\/#organization","name":"Olive Travel DMC","url":"https:\/\/olivetravel-dmc.com\/es\/","logo":{"@type":"ImageObject","inLanguage":"es","@id":"https:\/\/olivetravel-dmc.com\/es\/#\/schema\/logo\/image\/","url":"https:\/\/olivetravel-dmc.com\/wp-content\/uploads\/2025\/02\/olive-travel-logo-200.png","contentUrl":"https:\/\/olivetravel-dmc.com\/wp-content\/uploads\/2025\/02\/olive-travel-logo-200.png","width":200,"height":200,"caption":"Olive Travel DMC"},"image":{"@id":"https:\/\/olivetravel-dmc.com\/es\/#\/schema\/logo\/image\/"},"sameAs":["https:\/\/www.facebook.com\/share\/15kXRvZLYs\/?mibextid=wwXIfr","https:\/\/www.instagram.com\/olive_travel_dmc?igsh=ajkxcnQxcnBuZDk5"]}]}},"_links":{"self":[{"href":"https:\/\/olivetravel-dmc.com\/es\/wp-json\/wp\/v2\/pages\/449","targetHints":{"allow":["GET"]}}],"collection":[{"href":"https:\/\/olivetravel-dmc.com\/es\/wp-json\/wp\/v2\/pages"}],"about":[{"href":"https:\/\/olivetravel-dmc.com\/es\/wp-json\/wp\/v2\/types\/page"}],"author":[{"embeddable":true,"href":"https:\/\/olivetravel-dmc.com\/es\/wp-json\/wp\/v2\/users\/2"}],"replies":[{"embeddable":true,"href":"https:\/\/olivetravel-dmc.com\/es\/wp-json\/wp\/v2\/comments?post=449"}],"version-history":[{"count":64,"href":"https:\/\/olivetravel-dmc.com\/es\/wp-json\/wp\/v2\/pages\/449\/revisions"}],"predecessor-version":[{"id":2356,"href":"https:\/\/olivetravel-dmc.com\/es\/wp-json\/wp\/v2\/pages\/449\/revisions\/2356"}],"wp:attachment":[{"href":"https:\/\/olivetravel-dmc.com\/es\/wp-json\/wp\/v2\/media?parent=449"}],"curies":[{"name":"wp","href":"https:\/\/api.w.org\/{rel}","templated":true}]}}