{"id":444,"date":"2025-02-19T11:34:51","date_gmt":"2025-02-19T10:34:51","guid":{"rendered":"https:\/\/olivetravel-dmc.com\/?page_id=444"},"modified":"2025-03-13T15:23:38","modified_gmt":"2025-03-13T14:23:38","slug":"destino-islas-baleares-y-canarias","status":"publish","type":"page","link":"https:\/\/olivetravel-dmc.com\/es\/destino-islas-baleares-y-canarias\/","title":{"rendered":"Destino Islas Baleares y Canarias"},"content":{"rendered":"\t\t<div data-elementor-type=\"wp-page\" data-elementor-id=\"444\" class=\"elementor elementor-444\" data-elementor-post-type=\"page\">\n\t\t\t\t<div class=\"elementor-element elementor-element-77d61c6 e-con-full e-flex e-con e-parent\" data-id=\"77d61c6\" data-element_type=\"container\" data-e-type=\"container\" data-settings=\"{&quot;background_background&quot;:&quot;classic&quot;}\">\n\t\t<div class=\"elementor-element elementor-element-51fb39c e-flex e-con-boxed e-con e-child\" data-id=\"51fb39c\" data-element_type=\"container\" data-e-type=\"container\">\n\t\t\t\t\t<div class=\"e-con-inner\">\n\t\t\t\t<div class=\"elementor-element elementor-element-e9e66dd elementor-widget-tablet__width-initial elementor-widget elementor-widget-text-editor\" data-id=\"e9e66dd\" data-element_type=\"widget\" data-e-type=\"widget\" data-widget_type=\"text-editor.default\">\n\t\t\t\t<div class=\"elementor-widget-container\">\n\t\t\t\t\t\t\t\t\t<div><p>DESTINO<\/p><\/div>\t\t\t\t\t\t\t\t<\/div>\n\t\t\t\t<\/div>\n\t\t\t\t<div class=\"elementor-element elementor-element-c7a6902 elementor-widget__width-initial elementor-widget-tablet__width-initial elementor-widget elementor-widget-heading\" data-id=\"c7a6902\" data-element_type=\"widget\" data-e-type=\"widget\" data-widget_type=\"heading.default\">\n\t\t\t\t<div class=\"elementor-widget-container\">\n\t\t\t\t\t<h2 class=\"elementor-heading-title elementor-size-default\">Islas Baleares &amp; Canarias<\/h2>\t\t\t\t<\/div>\n\t\t\t\t<\/div>\n\t\t\t\t<div class=\"elementor-element elementor-element-a1467df elementor-align-center elementor-widget elementor-widget-button\" data-id=\"a1467df\" data-element_type=\"widget\" data-e-type=\"widget\" data-widget_type=\"button.default\">\n\t\t\t\t<div class=\"elementor-widget-container\">\n\t\t\t\t\t\t\t\t\t<div class=\"elementor-button-wrapper\">\n\t\t\t\t\t<a class=\"elementor-button elementor-button-link elementor-size-sm\" href=\"https:\/\/olivetravel-dmc.com\/es\/contacto\/\">\n\t\t\t\t\t\t<span class=\"elementor-button-content-wrapper\">\n\t\t\t\t\t\t\t\t\t<span class=\"elementor-button-text\">Reserva Tu Experiencia<\/span>\n\t\t\t\t\t<\/span>\n\t\t\t\t\t<\/a>\n\t\t\t\t<\/div>\n\t\t\t\t\t\t\t\t<\/div>\n\t\t\t\t<\/div>\n\t\t\t\t\t<\/div>\n\t\t\t\t<\/div>\n\t\t\t\t<\/div>\n\t\t<div class=\"elementor-element elementor-element-2a85931 e-flex e-con-boxed e-con e-parent\" data-id=\"2a85931\" data-element_type=\"container\" data-e-type=\"container\">\n\t\t\t\t\t<div class=\"e-con-inner\">\n\t\t<div class=\"elementor-element elementor-element-6c911d2 e-con-full e-flex e-con e-child\" data-id=\"6c911d2\" data-element_type=\"container\" data-e-type=\"container\">\n\t\t\t\t<div class=\"elementor-element elementor-element-b461604 elementor-widget__width-initial elementor-widget elementor-widget-text-editor\" data-id=\"b461604\" data-element_type=\"widget\" data-e-type=\"widget\" data-widget_type=\"text-editor.default\">\n\t\t\t\t<div class=\"elementor-widget-container\">\n\t\t\t\t\t\t\t\t\t<div><p>Islas Baleares y Canarias El Para\u00edso del Mediterr\u00e1neo y Atl\u00e1ntico<\/p><\/div>\t\t\t\t\t\t\t\t<\/div>\n\t\t\t\t<\/div>\n\t\t\t\t<div class=\"elementor-element elementor-element-cdc3de7 elementor-widget__width-initial elementor-widget elementor-widget-text-editor\" data-id=\"cdc3de7\" data-element_type=\"widget\" data-e-type=\"widget\" data-widget_type=\"text-editor.default\">\n\t\t\t\t<div class=\"elementor-widget-container\">\n\t\t\t\t\t\t\t\t\t<div><p>Las Islas Baleares y Canarias son dos destinos que ofrecen una combinaci\u00f3n \u00fanica de playas espectaculares, paisajes impresionantes y una rica cultura local. Mientras que las Islas Baleares te sumergen en la tranquilidad del Mediterr\u00e1neo, con su estilo relajado y su vibrante vida nocturna, las Islas Canarias, ba\u00f1adas por el sol durante todo el a\u00f1o, ofrecen una mezcla de paisajes volc\u00e1nicos, playas doradas y una vasta oferta de actividades para todo tipo de viajeros. Ya sea que busques la calma, la aventura o una fusi\u00f3n de ambas, estas islas son el lugar perfecto para explorar y desconectar.<\/p><\/div>\t\t\t\t\t\t\t\t<\/div>\n\t\t\t\t<\/div>\n\t\t\t\t<div class=\"elementor-element elementor-element-65921a5 elementor-align-left elementor-widget elementor-widget-button\" data-id=\"65921a5\" data-element_type=\"widget\" data-e-type=\"widget\" data-widget_type=\"button.default\">\n\t\t\t\t<div class=\"elementor-widget-container\">\n\t\t\t\t\t\t\t\t\t<div class=\"elementor-button-wrapper\">\n\t\t\t\t\t<a class=\"elementor-button elementor-button-link elementor-size-sm\" href=\"https:\/\/olivetravel-dmc.com\/es\/contacto\/\">\n\t\t\t\t\t\t<span class=\"elementor-button-content-wrapper\">\n\t\t\t\t\t\t\t\t\t<span class=\"elementor-button-text\">Planifica Tu Viaje<\/span>\n\t\t\t\t\t<\/span>\n\t\t\t\t\t<\/a>\n\t\t\t\t<\/div>\n\t\t\t\t\t\t\t\t<\/div>\n\t\t\t\t<\/div>\n\t\t\t\t<\/div>\n\t\t<div class=\"elementor-element elementor-element-f9af557 e-con-full e-flex e-con e-child\" data-id=\"f9af557\" data-element_type=\"container\" data-e-type=\"container\">\n\t\t\t\t<div class=\"elementor-element elementor-element-09a8f36 elementor-widget__width-initial elementor-widget elementor-widget-image\" data-id=\"09a8f36\" data-element_type=\"widget\" data-e-type=\"widget\" data-widget_type=\"image.default\">\n\t\t\t\t<div class=\"elementor-widget-container\">\n\t\t\t\t\t\t\t\t\t\t\t\t\t\t\t<img fetchpriority=\"high\" decoding=\"async\" width=\"1000\" height=\"1250\" src=\"https:\/\/olivetravel-dmc.com\/wp-content\/uploads\/2025\/02\/canarias-y-baleares-olive-travel-1.jpg\" class=\"attachment-full size-full wp-image-644\" alt=\"canarias-y-baleares-olive-travel\" srcset=\"https:\/\/olivetravel-dmc.com\/wp-content\/uploads\/2025\/02\/canarias-y-baleares-olive-travel-1.jpg 1000w, https:\/\/olivetravel-dmc.com\/wp-content\/uploads\/2025\/02\/canarias-y-baleares-olive-travel-1-240x300.jpg 240w, https:\/\/olivetravel-dmc.com\/wp-content\/uploads\/2025\/02\/canarias-y-baleares-olive-travel-1-819x1024.jpg 819w, https:\/\/olivetravel-dmc.com\/wp-content\/uploads\/2025\/02\/canarias-y-baleares-olive-travel-1-768x960.jpg 768w\" sizes=\"(max-width: 1000px) 100vw, 1000px\" \/>\t\t\t\t\t\t\t\t\t\t\t\t\t\t\t<\/div>\n\t\t\t\t<\/div>\n\t\t\t\t<\/div>\n\t\t\t\t\t<\/div>\n\t\t\t\t<\/div>\n\t\t<div class=\"elementor-element elementor-element-d269fd7 e-flex e-con-boxed e-con e-parent\" data-id=\"d269fd7\" data-element_type=\"container\" data-e-type=\"container\">\n\t\t\t\t\t<div class=\"e-con-inner\">\n\t\t<div class=\"elementor-element elementor-element-373e74c e-con-full e-flex e-con e-child\" data-id=\"373e74c\" data-element_type=\"container\" data-e-type=\"container\">\n\t\t\t\t<div class=\"elementor-element elementor-element-136b168 elementor-widget__width-initial elementor-widget-mobile_extra__width-initial elementor-widget elementor-widget-image\" data-id=\"136b168\" data-element_type=\"widget\" data-e-type=\"widget\" data-widget_type=\"image.default\">\n\t\t\t\t<div class=\"elementor-widget-container\">\n\t\t\t\t\t\t\t\t\t\t\t\t\t\t\t<img decoding=\"async\" width=\"1080\" height=\"1350\" src=\"https:\/\/olivetravel-dmc.com\/wp-content\/uploads\/2025\/02\/olivetravel-baleares-2.jpg\" class=\"attachment-full size-full wp-image-678\" alt=\"olivetravel-canarias\" srcset=\"https:\/\/olivetravel-dmc.com\/wp-content\/uploads\/2025\/02\/olivetravel-baleares-2.jpg 1080w, https:\/\/olivetravel-dmc.com\/wp-content\/uploads\/2025\/02\/olivetravel-baleares-2-240x300.jpg 240w, https:\/\/olivetravel-dmc.com\/wp-content\/uploads\/2025\/02\/olivetravel-baleares-2-819x1024.jpg 819w, https:\/\/olivetravel-dmc.com\/wp-content\/uploads\/2025\/02\/olivetravel-baleares-2-768x960.jpg 768w\" sizes=\"(max-width: 1080px) 100vw, 1080px\" \/>\t\t\t\t\t\t\t\t\t\t\t\t\t\t\t<\/div>\n\t\t\t\t<\/div>\n\t\t\t\t<div class=\"elementor-element elementor-element-1b4f6c0 elementor-widget__width-initial elementor-widget-mobile_extra__width-initial elementor-widget elementor-widget-text-editor\" data-id=\"1b4f6c0\" data-element_type=\"widget\" data-e-type=\"widget\" data-widget_type=\"text-editor.default\">\n\t\t\t\t<div class=\"elementor-widget-container\">\n\t\t\t\t\t\t\t\t\t<p><strong>Islas Canarias <\/strong><\/p>\t\t\t\t\t\t\t\t<\/div>\n\t\t\t\t<\/div>\n\t\t\t\t<div class=\"elementor-element elementor-element-5e52616 elementor-widget__width-initial elementor-widget-mobile_extra__width-initial elementor-widget elementor-widget-text-editor\" data-id=\"5e52616\" data-element_type=\"widget\" data-e-type=\"widget\" data-widget_type=\"text-editor.default\">\n\t\t\t\t<div class=\"elementor-widget-container\">\n\t\t\t\t\t\t\t\t\t<div><p>Las Islas Canarias, ubicadas en el Atl\u00e1ntico, son famosas por su clima c\u00e1lido y soleado durante todo el a\u00f1o. Tenerife, Gran Canaria, Lanzarote y Fuerteventura ofrecen una combinaci\u00f3n \u00fanica de paisajes volc\u00e1nicos, dunas doradas, monta\u00f1as imponentes y una vibrante cultura local. Ideal para quienes buscan aventura, relax o explorar la naturaleza en su forma m\u00e1s pura.<\/p><\/div>\t\t\t\t\t\t\t\t<\/div>\n\t\t\t\t<\/div>\n\t\t\t\t<\/div>\n\t\t<div class=\"elementor-element elementor-element-fd0c3e3 e-con-full e-flex e-con e-child\" data-id=\"fd0c3e3\" data-element_type=\"container\" data-e-type=\"container\">\n\t\t\t\t<div class=\"elementor-element elementor-element-0fa7c23 elementor-widget__width-initial elementor-widget-mobile_extra__width-initial elementor-widget elementor-widget-image\" data-id=\"0fa7c23\" data-element_type=\"widget\" data-e-type=\"widget\" data-widget_type=\"image.default\">\n\t\t\t\t<div class=\"elementor-widget-container\">\n\t\t\t\t\t\t\t\t\t\t\t\t\t\t\t<img decoding=\"async\" width=\"1080\" height=\"1350\" src=\"https:\/\/olivetravel-dmc.com\/wp-content\/uploads\/2025\/02\/olivetravel-baleares.jpg\" class=\"attachment-full size-full wp-image-690\" alt=\"olivetravel-baleares\" srcset=\"https:\/\/olivetravel-dmc.com\/wp-content\/uploads\/2025\/02\/olivetravel-baleares.jpg 1080w, https:\/\/olivetravel-dmc.com\/wp-content\/uploads\/2025\/02\/olivetravel-baleares-240x300.jpg 240w, https:\/\/olivetravel-dmc.com\/wp-content\/uploads\/2025\/02\/olivetravel-baleares-819x1024.jpg 819w, https:\/\/olivetravel-dmc.com\/wp-content\/uploads\/2025\/02\/olivetravel-baleares-768x960.jpg 768w\" sizes=\"(max-width: 1080px) 100vw, 1080px\" \/>\t\t\t\t\t\t\t\t\t\t\t\t\t\t\t<\/div>\n\t\t\t\t<\/div>\n\t\t\t\t<div class=\"elementor-element elementor-element-e668626 elementor-widget__width-initial elementor-widget elementor-widget-text-editor\" data-id=\"e668626\" data-element_type=\"widget\" data-e-type=\"widget\" data-widget_type=\"text-editor.default\">\n\t\t\t\t<div class=\"elementor-widget-container\">\n\t\t\t\t\t\t\t\t\t<p><strong>Islas Baleares <\/strong><\/p>\t\t\t\t\t\t\t\t<\/div>\n\t\t\t\t<\/div>\n\t\t\t\t<div class=\"elementor-element elementor-element-8e2855c elementor-widget__width-initial elementor-widget elementor-widget-text-editor\" data-id=\"8e2855c\" data-element_type=\"widget\" data-e-type=\"widget\" data-widget_type=\"text-editor.default\">\n\t\t\t\t<div class=\"elementor-widget-container\">\n\t\t\t\t\t\t\t\t\t<div><p>Las Islas Baleares, un archipi\u00e9lago situado en el coraz\u00f3n del Mediterr\u00e1neo, son conocidas por sus aguas cristalinas, playas v\u00edrgenes, y su vibrante vida nocturna. Mallorca, Ibiza, Menorca y Formentera ofrecen una variedad de experiencias, desde tranquilas escapadas hasta destinos animados para quienes buscan diversi\u00f3n y cultura.<\/p><\/div>\t\t\t\t\t\t\t\t<\/div>\n\t\t\t\t<\/div>\n\t\t\t\t<\/div>\n\t\t\t\t\t<\/div>\n\t\t\t\t<\/div>\n\t\t<div class=\"elementor-element elementor-element-21fb46c e-flex e-con-boxed e-con e-parent\" data-id=\"21fb46c\" data-element_type=\"container\" data-e-type=\"container\">\n\t\t\t\t\t<div class=\"e-con-inner\">\n\t\t<div class=\"elementor-element elementor-element-55cc4a1 e-con-full e-flex e-con e-child\" data-id=\"55cc4a1\" data-element_type=\"container\" data-e-type=\"container\">\n\t\t\t\t<div class=\"elementor-element elementor-element-c7fc50f elementor-widget__width-initial elementor-widget elementor-widget-image\" data-id=\"c7fc50f\" data-element_type=\"widget\" data-e-type=\"widget\" data-widget_type=\"image.default\">\n\t\t\t\t<div class=\"elementor-widget-container\">\n\t\t\t\t\t\t\t\t\t\t\t\t\t\t\t<img loading=\"lazy\" decoding=\"async\" width=\"1000\" height=\"1250\" src=\"https:\/\/olivetravel-dmc.com\/wp-content\/uploads\/2025\/02\/canarias-y-baleares-olive-travel.3.jpg\" class=\"attachment-full size-full wp-image-648\" alt=\"canarias-y-baleares-olive-travel catedral\" srcset=\"https:\/\/olivetravel-dmc.com\/wp-content\/uploads\/2025\/02\/canarias-y-baleares-olive-travel.3.jpg 1000w, https:\/\/olivetravel-dmc.com\/wp-content\/uploads\/2025\/02\/canarias-y-baleares-olive-travel.3-240x300.jpg 240w, https:\/\/olivetravel-dmc.com\/wp-content\/uploads\/2025\/02\/canarias-y-baleares-olive-travel.3-819x1024.jpg 819w, https:\/\/olivetravel-dmc.com\/wp-content\/uploads\/2025\/02\/canarias-y-baleares-olive-travel.3-768x960.jpg 768w\" sizes=\"(max-width: 1000px) 100vw, 1000px\" \/>\t\t\t\t\t\t\t\t\t\t\t\t\t\t\t<\/div>\n\t\t\t\t<\/div>\n\t\t\t\t<\/div>\n\t\t<div class=\"elementor-element elementor-element-aceb585 e-con-full e-flex e-con e-child\" data-id=\"aceb585\" data-element_type=\"container\" data-e-type=\"container\">\n\t\t\t\t<div class=\"elementor-element elementor-element-b5a6627 elementor-widget__width-initial elementor-widget elementor-widget-text-editor\" data-id=\"b5a6627\" data-element_type=\"widget\" data-e-type=\"widget\" data-widget_type=\"text-editor.default\">\n\t\t\t\t<div class=\"elementor-widget-container\">\n\t\t\t\t\t\t\t\t\t<div><p>Un Viaje Inolvidable a Dos Destinos Excepcionales<\/p><\/div>\t\t\t\t\t\t\t\t<\/div>\n\t\t\t\t<\/div>\n\t\t\t\t<div class=\"elementor-element elementor-element-b1b1b55 elementor-widget__width-initial elementor-widget elementor-widget-text-editor\" data-id=\"b1b1b55\" data-element_type=\"widget\" data-e-type=\"widget\" data-widget_type=\"text-editor.default\">\n\t\t\t\t<div class=\"elementor-widget-container\">\n\t\t\t\t\t\t\t\t\t<div><p>Tanto las Islas Baleares como las Canarias son destinos que no solo ofrecen belleza natural, sino tambi\u00e9n una cultura rica y una infraestructura tur\u00edstica de primer nivel. Disfruta de las tranquilas aguas del Mediterr\u00e1neo o de las espectaculares vistas volc\u00e1nicas del Atl\u00e1ntico, con opciones para todos los gustos. Ya sea que busques un lugar para relajarte, un destino lleno de actividades o una mezcla perfecta de ambos, estos destinos son perfectos para hacer realidad tus sue\u00f1os de viaje.<\/p><\/div>\t\t\t\t\t\t\t\t<\/div>\n\t\t\t\t<\/div>\n\t\t\t\t<div class=\"elementor-element elementor-element-eae61bd elementor-align-left elementor-widget elementor-widget-button\" data-id=\"eae61bd\" data-element_type=\"widget\" data-e-type=\"widget\" data-widget_type=\"button.default\">\n\t\t\t\t<div class=\"elementor-widget-container\">\n\t\t\t\t\t\t\t\t\t<div class=\"elementor-button-wrapper\">\n\t\t\t\t\t<a class=\"elementor-button elementor-button-link elementor-size-sm\" href=\"https:\/\/olivetravel-dmc.com\/es\/contacto\/\">\n\t\t\t\t\t\t<span class=\"elementor-button-content-wrapper\">\n\t\t\t\t\t\t\t\t\t<span class=\"elementor-button-text\">Planifica tu viaje<\/span>\n\t\t\t\t\t<\/span>\n\t\t\t\t\t<\/a>\n\t\t\t\t<\/div>\n\t\t\t\t\t\t\t\t<\/div>\n\t\t\t\t<\/div>\n\t\t\t\t<\/div>\n\t\t\t\t\t<\/div>\n\t\t\t\t<\/div>\n\t\t\t\t<\/div>\n\t\t","protected":false},"excerpt":{"rendered":"<p>DESTINO Islas Baleares &amp; Canarias Reserva Tu Experiencia Islas Baleares y Canarias El Para\u00edso del Mediterr\u00e1neo y Atl\u00e1ntico Las Islas Baleares y Canarias son dos destinos que ofrecen una combinaci\u00f3n \u00fanica de playas espectaculares, paisajes impresionantes y una rica cultura local. Mientras que las Islas Baleares te sumergen en la tranquilidad del Mediterr\u00e1neo, con su [&hellip;]<\/p>\n","protected":false},"author":2,"featured_media":0,"parent":0,"menu_order":0,"comment_status":"closed","ping_status":"closed","template":"elementor_header_footer","meta":{"footnotes":""},"class_list":["post-444","page","type-page","status-publish","hentry"],"yoast_head":"<!-- This site is optimized with the Yoast SEO plugin v27.5 - https:\/\/yoast.com\/product\/yoast-seo-wordpress\/ -->\n<title>Olive Travel DMC | Islas Baleares y Canarias<\/title>\n<meta name=\"description\" content=\"Las Islas Baleares y Canarias son dos destinos que ofrecen una combinaci\u00f3n \u00fanica de playas espectaculares, paisajes impresionantes y una rica cultura local.\" \/>\n<meta name=\"robots\" content=\"index, follow, max-snippet:-1, max-image-preview:large, max-video-preview:-1\" \/>\n<link rel=\"canonical\" href=\"https:\/\/olivetravel-dmc.com\/es\/destino-islas-baleares-y-canarias\/\" \/>\n<meta property=\"og:locale\" content=\"es_ES\" \/>\n<meta property=\"og:type\" content=\"article\" \/>\n<meta property=\"og:title\" content=\"Olive Travel DMC | Islas Baleares y Canarias\" \/>\n<meta property=\"og:description\" content=\"Las Islas Baleares y Canarias son dos destinos que ofrecen una combinaci\u00f3n \u00fanica de playas espectaculares, paisajes impresionantes y una rica cultura local.\" \/>\n<meta property=\"og:url\" content=\"https:\/\/olivetravel-dmc.com\/es\/destino-islas-baleares-y-canarias\/\" \/>\n<meta property=\"og:site_name\" content=\"Olive Travel DMC\" \/>\n<meta property=\"article:publisher\" content=\"https:\/\/www.facebook.com\/share\/15kXRvZLYs\/?mibextid=wwXIfr\" \/>\n<meta property=\"article:modified_time\" content=\"2025-03-13T14:23:38+00:00\" \/>\n<meta property=\"og:image\" content=\"https:\/\/olivetravel-dmc.com\/wp-content\/uploads\/2025\/02\/canarias-y-baleares-olive-travel-1.jpg\" \/>\n\t<meta property=\"og:image:width\" content=\"1000\" \/>\n\t<meta property=\"og:image:height\" content=\"1250\" \/>\n\t<meta property=\"og:image:type\" content=\"image\/jpeg\" \/>\n<meta name=\"twitter:card\" content=\"summary_large_image\" \/>\n<meta name=\"twitter:label1\" content=\"Tiempo de lectura\" \/>\n\t<meta name=\"twitter:data1\" content=\"3 minutos\" \/>\n<script type=\"application\/ld+json\" class=\"yoast-schema-graph\">{\"@context\":\"https:\\\/\\\/schema.org\",\"@graph\":[{\"@type\":\"WebPage\",\"@id\":\"https:\\\/\\\/olivetravel-dmc.com\\\/es\\\/destino-islas-baleares-y-canarias\\\/\",\"url\":\"https:\\\/\\\/olivetravel-dmc.com\\\/es\\\/destino-islas-baleares-y-canarias\\\/\",\"name\":\"Olive Travel DMC | Islas Baleares y Canarias\",\"isPartOf\":{\"@id\":\"https:\\\/\\\/olivetravel-dmc.com\\\/es\\\/#website\"},\"primaryImageOfPage\":{\"@id\":\"https:\\\/\\\/olivetravel-dmc.com\\\/es\\\/destino-islas-baleares-y-canarias\\\/#primaryimage\"},\"image\":{\"@id\":\"https:\\\/\\\/olivetravel-dmc.com\\\/es\\\/destino-islas-baleares-y-canarias\\\/#primaryimage\"},\"thumbnailUrl\":\"https:\\\/\\\/olivetravel-dmc.com\\\/wp-content\\\/uploads\\\/2025\\\/02\\\/canarias-y-baleares-olive-travel-1.jpg\",\"datePublished\":\"2025-02-19T10:34:51+00:00\",\"dateModified\":\"2025-03-13T14:23:38+00:00\",\"description\":\"Las Islas Baleares y Canarias son dos destinos que ofrecen una combinaci\u00f3n \u00fanica de playas espectaculares, paisajes impresionantes y una rica cultura local.\",\"breadcrumb\":{\"@id\":\"https:\\\/\\\/olivetravel-dmc.com\\\/es\\\/destino-islas-baleares-y-canarias\\\/#breadcrumb\"},\"inLanguage\":\"es\",\"potentialAction\":[{\"@type\":\"ReadAction\",\"target\":[\"https:\\\/\\\/olivetravel-dmc.com\\\/es\\\/destino-islas-baleares-y-canarias\\\/\"]}]},{\"@type\":\"ImageObject\",\"inLanguage\":\"es\",\"@id\":\"https:\\\/\\\/olivetravel-dmc.com\\\/es\\\/destino-islas-baleares-y-canarias\\\/#primaryimage\",\"url\":\"https:\\\/\\\/olivetravel-dmc.com\\\/wp-content\\\/uploads\\\/2025\\\/02\\\/canarias-y-baleares-olive-travel-1.jpg\",\"contentUrl\":\"https:\\\/\\\/olivetravel-dmc.com\\\/wp-content\\\/uploads\\\/2025\\\/02\\\/canarias-y-baleares-olive-travel-1.jpg\"},{\"@type\":\"BreadcrumbList\",\"@id\":\"https:\\\/\\\/olivetravel-dmc.com\\\/es\\\/destino-islas-baleares-y-canarias\\\/#breadcrumb\",\"itemListElement\":[{\"@type\":\"ListItem\",\"position\":1,\"name\":\"Home\",\"item\":\"https:\\\/\\\/olivetravel-dmc.com\\\/es\\\/\"},{\"@type\":\"ListItem\",\"position\":2,\"name\":\"Destino Islas Baleares y Canarias\"}]},{\"@type\":\"WebSite\",\"@id\":\"https:\\\/\\\/olivetravel-dmc.com\\\/es\\\/#website\",\"url\":\"https:\\\/\\\/olivetravel-dmc.com\\\/es\\\/\",\"name\":\"Olive Travel DMC\",\"description\":\"\",\"publisher\":{\"@id\":\"https:\\\/\\\/olivetravel-dmc.com\\\/es\\\/#organization\"},\"potentialAction\":[{\"@type\":\"SearchAction\",\"target\":{\"@type\":\"EntryPoint\",\"urlTemplate\":\"https:\\\/\\\/olivetravel-dmc.com\\\/es\\\/?s={search_term_string}\"},\"query-input\":{\"@type\":\"PropertyValueSpecification\",\"valueRequired\":true,\"valueName\":\"search_term_string\"}}],\"inLanguage\":\"es\"},{\"@type\":\"Organization\",\"@id\":\"https:\\\/\\\/olivetravel-dmc.com\\\/es\\\/#organization\",\"name\":\"Olive Travel DMC\",\"url\":\"https:\\\/\\\/olivetravel-dmc.com\\\/es\\\/\",\"logo\":{\"@type\":\"ImageObject\",\"inLanguage\":\"es\",\"@id\":\"https:\\\/\\\/olivetravel-dmc.com\\\/es\\\/#\\\/schema\\\/logo\\\/image\\\/\",\"url\":\"https:\\\/\\\/olivetravel-dmc.com\\\/wp-content\\\/uploads\\\/2025\\\/02\\\/olive-travel-logo-200.png\",\"contentUrl\":\"https:\\\/\\\/olivetravel-dmc.com\\\/wp-content\\\/uploads\\\/2025\\\/02\\\/olive-travel-logo-200.png\",\"width\":200,\"height\":200,\"caption\":\"Olive Travel DMC\"},\"image\":{\"@id\":\"https:\\\/\\\/olivetravel-dmc.com\\\/es\\\/#\\\/schema\\\/logo\\\/image\\\/\"},\"sameAs\":[\"https:\\\/\\\/www.facebook.com\\\/share\\\/15kXRvZLYs\\\/?mibextid=wwXIfr\",\"https:\\\/\\\/www.instagram.com\\\/olive_travel_dmc?igsh=ajkxcnQxcnBuZDk5\"]}]}<\/script>\n<!-- \/ Yoast SEO plugin. -->","yoast_head_json":{"title":"Olive Travel DMC | Islas Baleares y Canarias","description":"Las Islas Baleares y Canarias son dos destinos que ofrecen una combinaci\u00f3n \u00fanica de playas espectaculares, paisajes impresionantes y una rica cultura local.","robots":{"index":"index","follow":"follow","max-snippet":"max-snippet:-1","max-image-preview":"max-image-preview:large","max-video-preview":"max-video-preview:-1"},"canonical":"https:\/\/olivetravel-dmc.com\/es\/destino-islas-baleares-y-canarias\/","og_locale":"es_ES","og_type":"article","og_title":"Olive Travel DMC | Islas Baleares y Canarias","og_description":"Las Islas Baleares y Canarias son dos destinos que ofrecen una combinaci\u00f3n \u00fanica de playas espectaculares, paisajes impresionantes y una rica cultura local.","og_url":"https:\/\/olivetravel-dmc.com\/es\/destino-islas-baleares-y-canarias\/","og_site_name":"Olive Travel DMC","article_publisher":"https:\/\/www.facebook.com\/share\/15kXRvZLYs\/?mibextid=wwXIfr","article_modified_time":"2025-03-13T14:23:38+00:00","og_image":[{"width":1000,"height":1250,"url":"https:\/\/olivetravel-dmc.com\/wp-content\/uploads\/2025\/02\/canarias-y-baleares-olive-travel-1.jpg","type":"image\/jpeg"}],"twitter_card":"summary_large_image","twitter_misc":{"Tiempo de lectura":"3 minutos"},"schema":{"@context":"https:\/\/schema.org","@graph":[{"@type":"WebPage","@id":"https:\/\/olivetravel-dmc.com\/es\/destino-islas-baleares-y-canarias\/","url":"https:\/\/olivetravel-dmc.com\/es\/destino-islas-baleares-y-canarias\/","name":"Olive Travel DMC | Islas Baleares y Canarias","isPartOf":{"@id":"https:\/\/olivetravel-dmc.com\/es\/#website"},"primaryImageOfPage":{"@id":"https:\/\/olivetravel-dmc.com\/es\/destino-islas-baleares-y-canarias\/#primaryimage"},"image":{"@id":"https:\/\/olivetravel-dmc.com\/es\/destino-islas-baleares-y-canarias\/#primaryimage"},"thumbnailUrl":"https:\/\/olivetravel-dmc.com\/wp-content\/uploads\/2025\/02\/canarias-y-baleares-olive-travel-1.jpg","datePublished":"2025-02-19T10:34:51+00:00","dateModified":"2025-03-13T14:23:38+00:00","description":"Las Islas Baleares y Canarias son dos destinos que ofrecen una combinaci\u00f3n \u00fanica de playas espectaculares, paisajes impresionantes y una rica cultura local.","breadcrumb":{"@id":"https:\/\/olivetravel-dmc.com\/es\/destino-islas-baleares-y-canarias\/#breadcrumb"},"inLanguage":"es","potentialAction":[{"@type":"ReadAction","target":["https:\/\/olivetravel-dmc.com\/es\/destino-islas-baleares-y-canarias\/"]}]},{"@type":"ImageObject","inLanguage":"es","@id":"https:\/\/olivetravel-dmc.com\/es\/destino-islas-baleares-y-canarias\/#primaryimage","url":"https:\/\/olivetravel-dmc.com\/wp-content\/uploads\/2025\/02\/canarias-y-baleares-olive-travel-1.jpg","contentUrl":"https:\/\/olivetravel-dmc.com\/wp-content\/uploads\/2025\/02\/canarias-y-baleares-olive-travel-1.jpg"},{"@type":"BreadcrumbList","@id":"https:\/\/olivetravel-dmc.com\/es\/destino-islas-baleares-y-canarias\/#breadcrumb","itemListElement":[{"@type":"ListItem","position":1,"name":"Home","item":"https:\/\/olivetravel-dmc.com\/es\/"},{"@type":"ListItem","position":2,"name":"Destino Islas Baleares y Canarias"}]},{"@type":"WebSite","@id":"https:\/\/olivetravel-dmc.com\/es\/#website","url":"https:\/\/olivetravel-dmc.com\/es\/","name":"Olive Travel DMC","description":"","publisher":{"@id":"https:\/\/olivetravel-dmc.com\/es\/#organization"},"potentialAction":[{"@type":"SearchAction","target":{"@type":"EntryPoint","urlTemplate":"https:\/\/olivetravel-dmc.com\/es\/?s={search_term_string}"},"query-input":{"@type":"PropertyValueSpecification","valueRequired":true,"valueName":"search_term_string"}}],"inLanguage":"es"},{"@type":"Organization","@id":"https:\/\/olivetravel-dmc.com\/es\/#organization","name":"Olive Travel DMC","url":"https:\/\/olivetravel-dmc.com\/es\/","logo":{"@type":"ImageObject","inLanguage":"es","@id":"https:\/\/olivetravel-dmc.com\/es\/#\/schema\/logo\/image\/","url":"https:\/\/olivetravel-dmc.com\/wp-content\/uploads\/2025\/02\/olive-travel-logo-200.png","contentUrl":"https:\/\/olivetravel-dmc.com\/wp-content\/uploads\/2025\/02\/olive-travel-logo-200.png","width":200,"height":200,"caption":"Olive Travel DMC"},"image":{"@id":"https:\/\/olivetravel-dmc.com\/es\/#\/schema\/logo\/image\/"},"sameAs":["https:\/\/www.facebook.com\/share\/15kXRvZLYs\/?mibextid=wwXIfr","https:\/\/www.instagram.com\/olive_travel_dmc?igsh=ajkxcnQxcnBuZDk5"]}]}},"_links":{"self":[{"href":"https:\/\/olivetravel-dmc.com\/es\/wp-json\/wp\/v2\/pages\/444","targetHints":{"allow":["GET"]}}],"collection":[{"href":"https:\/\/olivetravel-dmc.com\/es\/wp-json\/wp\/v2\/pages"}],"about":[{"href":"https:\/\/olivetravel-dmc.com\/es\/wp-json\/wp\/v2\/types\/page"}],"author":[{"embeddable":true,"href":"https:\/\/olivetravel-dmc.com\/es\/wp-json\/wp\/v2\/users\/2"}],"replies":[{"embeddable":true,"href":"https:\/\/olivetravel-dmc.com\/es\/wp-json\/wp\/v2\/comments?post=444"}],"version-history":[{"count":130,"href":"https:\/\/olivetravel-dmc.com\/es\/wp-json\/wp\/v2\/pages\/444\/revisions"}],"predecessor-version":[{"id":2353,"href":"https:\/\/olivetravel-dmc.com\/es\/wp-json\/wp\/v2\/pages\/444\/revisions\/2353"}],"wp:attachment":[{"href":"https:\/\/olivetravel-dmc.com\/es\/wp-json\/wp\/v2\/media?parent=444"}],"curies":[{"name":"wp","href":"https:\/\/api.w.org\/{rel}","templated":true}]}}